{"id":600,"date":"2015-11-23T09:28:59","date_gmt":"2015-11-23T08:28:59","guid":{"rendered":"http:\/\/temp2.insign-media.de\/?page_id=600"},"modified":"2024-03-19T15:23:55","modified_gmt":"2024-03-19T14:23:55","slug":"abverkauf","status":"publish","type":"page","link":"https:\/\/uka-kuechen.de\/index.php\/kuechen\/kuechenausstellung\/abverkauf\/","title":{"rendered":"Abverk\u00e4ufe"},"content":{"rendered":"<h2>Aktuelle Abverk\u00e4ufe<\/h2>\n<p>Unser Anliegen ist es, in unserer Ausstellung die aktuellsten K\u00fcchentrends und eine Vielzahl an Kombinationsm\u00f6glichkeiten zu pr\u00e4sentieren.<br \/>\nDaf\u00fcr gestalten wir unsere Ausstellungsfl\u00e4che regelm\u00e4\u00dfig um und verkaufen unsere nahezu neuwertigen Musterk\u00fcchen zu stark reduzierten Preisen. Selbstverst\u00e4ndlich gibt es die M\u00f6glichkeit, die bestehenden Musterk\u00fcchen nach Ihren Vorstellungen anzupassen. Sprechen Sie uns hierzu gerne an.<\/p>\n<p><strong>Hier finden Sie unsere aktuellen Angebote <\/strong>(Irrt\u00fcmer und Zwischenverkauf vorbehalten)<strong>:<\/strong><\/p>\n<p>Ausstellungsk\u00fcche 19\/20 &#8220;Sylt&#8221; Wei\u00df lackierte Echtholzfronten mit grauem Akzent<\/p>\n<p><img loading=\"lazy\" decoding=\"async\" class=\"alignnone wp-image-2853\" src=\"https:\/\/uka-kuechen.de\/wp-content\/uploads\/2024\/03\/IMG_0030-300x169.jpg\" alt=\"\" width=\"422\" height=\"238\" srcset=\"https:\/\/uka-kuechen.de\/wp-content\/uploads\/2024\/03\/IMG_0030-300x169.jpg 300w, https:\/\/uka-kuechen.de\/wp-content\/uploads\/2024\/03\/IMG_0030-1024x576.jpg 1024w, https:\/\/uka-kuechen.de\/wp-content\/uploads\/2024\/03\/IMG_0030-768x432.jpg 768w, https:\/\/uka-kuechen.de\/wp-content\/uploads\/2024\/03\/IMG_0030-1536x864.jpg 1536w, https:\/\/uka-kuechen.de\/wp-content\/uploads\/2024\/03\/IMG_0030-2048x1152.jpg 2048w, https:\/\/uka-kuechen.de\/wp-content\/uploads\/2024\/03\/IMG_0030-640x360.jpg 640w, https:\/\/uka-kuechen.de\/wp-content\/uploads\/2024\/03\/IMG_0030-1200x675.jpg 1200w, https:\/\/uka-kuechen.de\/wp-content\/uploads\/2024\/03\/IMG_0030-1920x1080.jpg 1920w\" sizes=\"(max-width: 639px) 98vw, (max-width: 1199px) 64vw, 422px\" \/><\/p>\n<p>Ma\u00dfe ca. 240 x 305 cm zzgl. ca. 120 cm separate Glash\u00e4ngeschr\u00e4nke<\/p>\n<p>ABHOLPREIS M\u00f6belteile: <em><strong>1.785,00 EUR inkl. MwSt.<\/strong><\/em> (ohne E-Ger\u00e4te, ohne Sp\u00fcle und Armatur, ohne Zubeh\u00f6r und ohne Dekoartikel)<\/p>\n<p>&nbsp;<\/p>\n<p>Ausstellungsk\u00fcche 29 &#8220;Rahment\u00fcr&#8221; Schiefergrau matt<\/p>\n<p><img loading=\"lazy\" decoding=\"async\" class=\"alignnone wp-image-2852\" src=\"https:\/\/uka-kuechen.de\/wp-content\/uploads\/2024\/03\/IMG_0031-300x169.jpg\" alt=\"\" width=\"421\" height=\"237\" srcset=\"https:\/\/uka-kuechen.de\/wp-content\/uploads\/2024\/03\/IMG_0031-300x169.jpg 300w, https:\/\/uka-kuechen.de\/wp-content\/uploads\/2024\/03\/IMG_0031-1024x576.jpg 1024w, https:\/\/uka-kuechen.de\/wp-content\/uploads\/2024\/03\/IMG_0031-768x432.jpg 768w, https:\/\/uka-kuechen.de\/wp-content\/uploads\/2024\/03\/IMG_0031-1536x864.jpg 1536w, https:\/\/uka-kuechen.de\/wp-content\/uploads\/2024\/03\/IMG_0031-2048x1152.jpg 2048w, https:\/\/uka-kuechen.de\/wp-content\/uploads\/2024\/03\/IMG_0031-640x360.jpg 640w, https:\/\/uka-kuechen.de\/wp-content\/uploads\/2024\/03\/IMG_0031-1200x675.jpg 1200w, https:\/\/uka-kuechen.de\/wp-content\/uploads\/2024\/03\/IMG_0031-1920x1080.jpg 1920w\" sizes=\"(max-width: 639px) 98vw, (max-width: 1199px) 64vw, 421px\" \/><\/p>\n<p>Ma\u00dfe ca. 265 cm und ca. 120 cm<\/p>\n<p>ABHOLPREIS M\u00f6belteile: <em><strong>1.785,00 EUR inkl. MwSt.<\/strong><\/em> (ohne E-Ger\u00e4te, ohne Sp\u00fcle und Armatur, ohne Zubeh\u00f6r und ohne Dekoartikel)<\/p>\n","protected":false},"excerpt":{"rendered":"<p>Aktuelle Abverk\u00e4ufe Unser Anliegen ist es, in unserer Ausstellung die aktuellsten K\u00fcchentrends und eine Vielzahl an Kombinationsm\u00f6glichkeiten zu pr\u00e4sentieren. Daf\u00fcr gestalten wir unsere Ausstellungsfl\u00e4che regelm\u00e4\u00dfig um und verkaufen unsere nahezu neuwertigen Musterk\u00fcchen zu stark reduzierten Preisen. Selbstverst\u00e4ndlich gibt es die M\u00f6glichkeit, die bestehenden Musterk\u00fcchen nach Ihren Vorstellungen anzupassen. Sprechen Sie uns hierzu gerne an. Hier [&hellip;]<\/p>\n","protected":false},"author":1,"featured_media":0,"parent":10,"menu_order":27,"comment_status":"closed","ping_status":"closed","template":"page-templates\/galerie.php","meta":{"footnotes":""},"acf":[],"yoast_head":"<!-- This site is optimized with the Yoast SEO plugin v21.7 - https:\/\/yoast.com\/wordpress\/plugins\/seo\/ -->\n<title>Abverk\u00e4ufe - UKA K\u00fcchen<\/title>\n<meta name=\"robots\" content=\"index, follow, max-snippet:-1, max-image-preview:large, max-video-preview:-1\" \/>\n<link rel=\"canonical\" href=\"https:\/\/uka-kuechen.de\/index.php\/kuechen\/kuechenausstellung\/abverkauf\/\" \/>\n<meta property=\"og:locale\" content=\"de_DE\" \/>\n<meta property=\"og:type\" content=\"article\" \/>\n<meta property=\"og:title\" content=\"Abverk\u00e4ufe - UKA K\u00fcchen\" \/>\n<meta property=\"og:description\" content=\"Aktuelle Abverk\u00e4ufe Unser Anliegen ist es, in unserer Ausstellung die aktuellsten K\u00fcchentrends und eine Vielzahl an Kombinationsm\u00f6glichkeiten zu pr\u00e4sentieren. Daf\u00fcr gestalten wir unsere Ausstellungsfl\u00e4che regelm\u00e4\u00dfig um und verkaufen unsere nahezu neuwertigen Musterk\u00fcchen zu stark reduzierten Preisen. Selbstverst\u00e4ndlich gibt es die M\u00f6glichkeit, die bestehenden Musterk\u00fcchen nach Ihren Vorstellungen anzupassen. Sprechen Sie uns hierzu gerne an. Hier [&hellip;]\" \/>\n<meta property=\"og:url\" content=\"https:\/\/uka-kuechen.de\/index.php\/kuechen\/kuechenausstellung\/abverkauf\/\" \/>\n<meta property=\"og:site_name\" content=\"UKA K\u00fcchen\" \/>\n<meta property=\"article:modified_time\" content=\"2024-03-19T14:23:55+00:00\" \/>\n<meta property=\"og:image\" content=\"https:\/\/uka-kuechen.de\/wp-content\/uploads\/2024\/03\/IMG_0030-300x169.jpg\" \/>\n<meta name=\"twitter:card\" content=\"summary_large_image\" \/>\n<meta name=\"twitter:label1\" content=\"Gesch\u00e4tzte Lesezeit\" \/>\n\t<meta name=\"twitter:data1\" content=\"2\u00a0Minuten\" \/>\n<script type=\"application\/ld+json\" class=\"yoast-schema-graph\">{\"@context\":\"https:\/\/schema.org\",\"@graph\":[{\"@type\":\"WebPage\",\"@id\":\"https:\/\/uka-kuechen.de\/index.php\/kuechen\/kuechenausstellung\/abverkauf\/\",\"url\":\"https:\/\/uka-kuechen.de\/index.php\/kuechen\/kuechenausstellung\/abverkauf\/\",\"name\":\"Abverk\u00e4ufe - UKA K\u00fcchen\",\"isPartOf\":{\"@id\":\"https:\/\/uka-kuechen.de\/#website\"},\"datePublished\":\"2015-11-23T08:28:59+00:00\",\"dateModified\":\"2024-03-19T14:23:55+00:00\",\"breadcrumb\":{\"@id\":\"https:\/\/uka-kuechen.de\/index.php\/kuechen\/kuechenausstellung\/abverkauf\/#breadcrumb\"},\"inLanguage\":\"de\",\"potentialAction\":[{\"@type\":\"ReadAction\",\"target\":[\"https:\/\/uka-kuechen.de\/index.php\/kuechen\/kuechenausstellung\/abverkauf\/\"]}]},{\"@type\":\"BreadcrumbList\",\"@id\":\"https:\/\/uka-kuechen.de\/index.php\/kuechen\/kuechenausstellung\/abverkauf\/#breadcrumb\",\"itemListElement\":[{\"@type\":\"ListItem\",\"position\":1,\"name\":\"Startseite\",\"item\":\"https:\/\/uka-kuechen.de\/\"},{\"@type\":\"ListItem\",\"position\":2,\"name\":\"K\u00fcchen\",\"item\":\"https:\/\/uka-kuechen.de\/index.php\/kuechen\/\"},{\"@type\":\"ListItem\",\"position\":3,\"name\":\"K\u00fcchenausstellung\",\"item\":\"https:\/\/uka-kuechen.de\/index.php\/kuechen\/kuechenausstellung\/\"},{\"@type\":\"ListItem\",\"position\":4,\"name\":\"Abverk\u00e4ufe\"}]},{\"@type\":\"WebSite\",\"@id\":\"https:\/\/uka-kuechen.de\/#website\",\"url\":\"https:\/\/uka-kuechen.de\/\",\"name\":\"UKA K\u00fcchen\",\"description\":\"...denn wir sind der Hersteller\",\"potentialAction\":[{\"@type\":\"SearchAction\",\"target\":{\"@type\":\"EntryPoint\",\"urlTemplate\":\"https:\/\/uka-kuechen.de\/?s={search_term_string}\"},\"query-input\":\"required name=search_term_string\"}],\"inLanguage\":\"de\"}]}<\/script>\n<!-- \/ Yoast SEO plugin. -->","yoast_head_json":{"title":"Abverk\u00e4ufe - UKA K\u00fcchen","robots":{"index":"index","follow":"follow","max-snippet":"max-snippet:-1","max-image-preview":"max-image-preview:large","max-video-preview":"max-video-preview:-1"},"canonical":"https:\/\/uka-kuechen.de\/index.php\/kuechen\/kuechenausstellung\/abverkauf\/","og_locale":"de_DE","og_type":"article","og_title":"Abverk\u00e4ufe - UKA K\u00fcchen","og_description":"Aktuelle Abverk\u00e4ufe Unser Anliegen ist es, in unserer Ausstellung die aktuellsten K\u00fcchentrends und eine Vielzahl an Kombinationsm\u00f6glichkeiten zu pr\u00e4sentieren. Daf\u00fcr gestalten wir unsere Ausstellungsfl\u00e4che regelm\u00e4\u00dfig um und verkaufen unsere nahezu neuwertigen Musterk\u00fcchen zu stark reduzierten Preisen. Selbstverst\u00e4ndlich gibt es die M\u00f6glichkeit, die bestehenden Musterk\u00fcchen nach Ihren Vorstellungen anzupassen. Sprechen Sie uns hierzu gerne an. Hier [&hellip;]","og_url":"https:\/\/uka-kuechen.de\/index.php\/kuechen\/kuechenausstellung\/abverkauf\/","og_site_name":"UKA K\u00fcchen","article_modified_time":"2024-03-19T14:23:55+00:00","og_image":[{"url":"https:\/\/uka-kuechen.de\/wp-content\/uploads\/2024\/03\/IMG_0030-300x169.jpg"}],"twitter_card":"summary_large_image","twitter_misc":{"Gesch\u00e4tzte Lesezeit":"2\u00a0Minuten"},"schema":{"@context":"https:\/\/schema.org","@graph":[{"@type":"WebPage","@id":"https:\/\/uka-kuechen.de\/index.php\/kuechen\/kuechenausstellung\/abverkauf\/","url":"https:\/\/uka-kuechen.de\/index.php\/kuechen\/kuechenausstellung\/abverkauf\/","name":"Abverk\u00e4ufe - UKA K\u00fcchen","isPartOf":{"@id":"https:\/\/uka-kuechen.de\/#website"},"datePublished":"2015-11-23T08:28:59+00:00","dateModified":"2024-03-19T14:23:55+00:00","breadcrumb":{"@id":"https:\/\/uka-kuechen.de\/index.php\/kuechen\/kuechenausstellung\/abverkauf\/#breadcrumb"},"inLanguage":"de","potentialAction":[{"@type":"ReadAction","target":["https:\/\/uka-kuechen.de\/index.php\/kuechen\/kuechenausstellung\/abverkauf\/"]}]},{"@type":"BreadcrumbList","@id":"https:\/\/uka-kuechen.de\/index.php\/kuechen\/kuechenausstellung\/abverkauf\/#breadcrumb","itemListElement":[{"@type":"ListItem","position":1,"name":"Startseite","item":"https:\/\/uka-kuechen.de\/"},{"@type":"ListItem","position":2,"name":"K\u00fcchen","item":"https:\/\/uka-kuechen.de\/index.php\/kuechen\/"},{"@type":"ListItem","position":3,"name":"K\u00fcchenausstellung","item":"https:\/\/uka-kuechen.de\/index.php\/kuechen\/kuechenausstellung\/"},{"@type":"ListItem","position":4,"name":"Abverk\u00e4ufe"}]},{"@type":"WebSite","@id":"https:\/\/uka-kuechen.de\/#website","url":"https:\/\/uka-kuechen.de\/","name":"UKA K\u00fcchen","description":"...denn wir sind der Hersteller","potentialAction":[{"@type":"SearchAction","target":{"@type":"EntryPoint","urlTemplate":"https:\/\/uka-kuechen.de\/?s={search_term_string}"},"query-input":"required name=search_term_string"}],"inLanguage":"de"}]}},"_links":{"self":[{"href":"https:\/\/uka-kuechen.de\/index.php\/wp-json\/wp\/v2\/pages\/600"}],"collection":[{"href":"https:\/\/uka-kuechen.de\/index.php\/wp-json\/wp\/v2\/pages"}],"about":[{"href":"https:\/\/uka-kuechen.de\/index.php\/wp-json\/wp\/v2\/types\/page"}],"author":[{"embeddable":true,"href":"https:\/\/uka-kuechen.de\/index.php\/wp-json\/wp\/v2\/users\/1"}],"replies":[{"embeddable":true,"href":"https:\/\/uka-kuechen.de\/index.php\/wp-json\/wp\/v2\/comments?post=600"}],"version-history":[{"count":21,"href":"https:\/\/uka-kuechen.de\/index.php\/wp-json\/wp\/v2\/pages\/600\/revisions"}],"predecessor-version":[{"id":2850,"href":"https:\/\/uka-kuechen.de\/index.php\/wp-json\/wp\/v2\/pages\/600\/revisions\/2850"}],"up":[{"embeddable":true,"href":"https:\/\/uka-kuechen.de\/index.php\/wp-json\/wp\/v2\/pages\/10"}],"wp:attachment":[{"href":"https:\/\/uka-kuechen.de\/index.php\/wp-json\/wp\/v2\/media?parent=600"}],"curies":[{"name":"wp","href":"https:\/\/api.w.org\/{rel}","templated":true}]}}