{"id":1836,"date":"2019-03-20T16:40:14","date_gmt":"2019-03-20T15:40:14","guid":{"rendered":"http:\/\/192.168.44.46\/uka\/?page_id=1836"},"modified":"2025-07-10T14:24:25","modified_gmt":"2025-07-10T12:24:25","slug":"programmstyle","status":"publish","type":"page","link":"https:\/\/uka-kuechen.de\/index.php\/objektbereich\/projekte\/programmstyle\/","title":{"rendered":"Programmstyle"},"content":{"rendered":"<p><img loading=\"lazy\" decoding=\"async\" class=\"aligncenter size-fp-xlarge wp-image-2180\" src=\"https:\/\/uka-kuechen.de\/wp-content\/uploads\/2019\/04\/UKA-Kuechen_objektbereich_Titelbild_Programmstyle-e1554714297572-1920x451.png\" alt=\"\" width=\"1920\" height=\"518\" \/><\/p>\n<h1>Programmstyle<\/h1>\n<p>Wir haben speziell f\u00fcr unsere Objektkunden ein vielseitiges K\u00fcchensortiment, das Eurostyle matt und gl\u00e4nzend Programm, entwickelt. Die Anspr\u00fcche an diese Produkte sind ein sehr gutes Preis-Leistungsverh\u00e4ltnis, zeitgem\u00e4\u00dfe Fronten und Arbeitsplatten, eine hohe Langlebigkeit und schnelle Lieferzeiten.<br \/>\nFolgend sind die Fronten-Programme, sowie unser Lager- und Bestellsortiment an Arbeitsplatten und Griffen aufgelistet. Bei Fragen melden Sie sich gerne telefonisch bei uns direkt. 040\/ 5287210<\/p>\n<p>&nbsp;<\/p>\n<h2>Fronten<\/h2>\n<p><strong>Eurostyle matt<\/strong><\/p>\n<p>Das Eurostyle matt Programm steht f\u00fcr moderne und preisg\u00fcnstige Oberfl\u00e4chen. Die direktbeschichteten Fronten mit einer sto\u00dffesten T\u00fcrkante sind in matten Dekoren in diversen Unifarben, Holz-, Stein- und Betonoptiken erh\u00e4ltlich. Auf Wunsch k\u00f6nnen die Fronten mit einer exklusiven HD Kante in Glasoptik ausgestattet werden.<\/p>\n<p><a href=\"https:\/\/uka-kuechen.de\/wp-content\/uploads\/2025\/07\/Fronten-EuroStyle-matt-2025.pdf\" target=\"_blank\" rel=\"noopener noreferrer\">Jetzt Eurostyle matt Fronten ansehen<\/a><\/p>\n<p><strong>Eurostyle gl\u00e4nzend<\/strong><\/p>\n<p>Entdecken Sie frische, zeitgem\u00e4\u00dfe und preiswerte Fronten aus unserer Eurostyle gl\u00e4nzend Linie. Die direktbeschichteten Fronten mit einer sto\u00dffesten T\u00fcrkante sind in gl\u00e4nzenden Dekoren in diversen Uni- und Metallicfarben erh\u00e4ltlich. Auf Wunsch kann die Fronten mit einer exklusiven HD Kante in Glasoptik ausgestattet werden.<\/p>\n<p><a href=\"https:\/\/uka-kuechen.de\/wp-content\/uploads\/2025\/03\/Fronten-EuroStyle-glaenzend-2025.pdf\" target=\"_blank\" rel=\"noopener noreferrer\">Jetzt Eurostyle gl\u00e4nzend Fronten ansehen<\/a><\/p>\n<h1>Arbeitsplatten<\/h1>\n<p><strong>Schichtstoff<\/strong><\/p>\n<p>Die am h\u00e4ufigsten verbaute Arbeitsplatte besteht aus Schichtstoff. Die Gr\u00fcnde daf\u00fcr liegen in der besonders hohen Widerstandsf\u00e4higkeit und Pflegeleichtigkeit, sowie in dem g\u00fcnstigen Preis-Leistungsverh\u00e4ltnis. Zus\u00e4tzlich sind die Schichtstoff-Arbeitsplatten in den verschiedensten Farbnuancen, Designs und Strukturen erh\u00e4ltlich. Dazu z\u00e4hlen diverse Holz-, Beton-, Metall- und Steinoptiken. Den Klassiker gibt es auch in den unterschiedlichsten St\u00e4rken. Eine gro\u00dfe Besonderheit ist die wasserfeste PU-Kantenverleimung, die bei UKA K\u00fcchen zum Standard geh\u00f6rt<\/p>\n<p><strong>Lagerkollektion- Arbeitsplatten<\/strong><br \/>\n<a href=\"https:\/\/uka-kuechen.de\/wp-content\/uploads\/2021\/08\/Arbeitsplatten_Lagerkollektion.pdf\" target=\"blank\" rel=\"noopener noreferrer\">J<\/a><a href=\"https:\/\/uka-kuechen.de\/wp-content\/uploads\/2025\/03\/Arbeitsplatten-Lagerkollektion-Stand-26.02.25.pdf\" target=\"_blank\" rel=\"noopener noreferrer\">etzt Arbeitsplatten Lagerkollektion ansehen<\/a><\/p>\n<p><strong>Bestellkollektion- Arbeitsplatten <\/strong><br \/>\n<a href=\"https:\/\/uka-kuechen.de\/wp-content\/uploads\/2025\/05\/Arbeitsplatten-Bestellkollektion-Stand-26.02.2025.pdf\" target=\"_blank\" rel=\"noopener noreferrer\">Jetzt Arbeitsplatten Bestellkollektion ansehen<\/a><\/p>\n<h1>Griffe<\/h1>\n<p><strong>Lagerkollektion- Griffe<\/strong><br \/>\n<a href=\"https:\/\/uka-kuechen.de\/wp-content\/uploads\/2025\/03\/Lagergriffe-scaled.jpg\" target=\"_blank\" rel=\"noopener noreferrer\">Jetzt Griffe Lagerkollektion ansehen<\/a><\/p>\n","protected":false},"excerpt":{"rendered":"<p>Programmstyle Wir haben speziell f\u00fcr unsere Objektkunden ein vielseitiges K\u00fcchensortiment, das Eurostyle matt und gl\u00e4nzend Programm, entwickelt. Die Anspr\u00fcche an diese Produkte sind ein sehr gutes Preis-Leistungsverh\u00e4ltnis, zeitgem\u00e4\u00dfe Fronten und Arbeitsplatten, eine hohe Langlebigkeit und schnelle Lieferzeiten. Folgend sind die Fronten-Programme, sowie unser Lager- und Bestellsortiment an Arbeitsplatten und Griffen aufgelistet. Bei Fragen melden Sie [&hellip;]<\/p>\n","protected":false},"author":1,"featured_media":2180,"parent":1572,"menu_order":16,"comment_status":"closed","ping_status":"closed","template":"page-templates\/galerie.php","meta":{"footnotes":""},"acf":[],"yoast_head":"<!-- This site is optimized with the Yoast SEO plugin v21.7 - https:\/\/yoast.com\/wordpress\/plugins\/seo\/ -->\n<title>Programmstyle - UKA K\u00fcchen<\/title>\n<meta name=\"robots\" content=\"index, follow, max-snippet:-1, max-image-preview:large, max-video-preview:-1\" \/>\n<link rel=\"canonical\" href=\"https:\/\/uka-kuechen.de\/index.php\/objektbereich\/projekte\/programmstyle\/\" \/>\n<meta property=\"og:locale\" content=\"de_DE\" \/>\n<meta property=\"og:type\" content=\"article\" \/>\n<meta property=\"og:title\" content=\"Programmstyle - UKA K\u00fcchen\" \/>\n<meta property=\"og:description\" content=\"Programmstyle Wir haben speziell f\u00fcr unsere Objektkunden ein vielseitiges K\u00fcchensortiment, das Eurostyle matt und gl\u00e4nzend Programm, entwickelt. Die Anspr\u00fcche an diese Produkte sind ein sehr gutes Preis-Leistungsverh\u00e4ltnis, zeitgem\u00e4\u00dfe Fronten und Arbeitsplatten, eine hohe Langlebigkeit und schnelle Lieferzeiten. Folgend sind die Fronten-Programme, sowie unser Lager- und Bestellsortiment an Arbeitsplatten und Griffen aufgelistet. Bei Fragen melden Sie [&hellip;]\" \/>\n<meta property=\"og:url\" content=\"https:\/\/uka-kuechen.de\/index.php\/objektbereich\/projekte\/programmstyle\/\" \/>\n<meta property=\"og:site_name\" content=\"UKA K\u00fcchen\" \/>\n<meta property=\"article:modified_time\" content=\"2025-07-10T12:24:25+00:00\" \/>\n<meta property=\"og:image\" content=\"https:\/\/uka-kuechen.de\/wp-content\/uploads\/2019\/04\/UKA-Kuechen_objektbereich_Titelbild_Programmstyle-e1554714297572.png\" \/>\n\t<meta property=\"og:image:width\" content=\"2873\" \/>\n\t<meta property=\"og:image:height\" content=\"675\" \/>\n\t<meta property=\"og:image:type\" content=\"image\/png\" \/>\n<meta name=\"twitter:card\" content=\"summary_large_image\" \/>\n<meta name=\"twitter:label1\" content=\"Gesch\u00e4tzte Lesezeit\" \/>\n\t<meta name=\"twitter:data1\" content=\"2\u00a0Minuten\" \/>\n<script type=\"application\/ld+json\" class=\"yoast-schema-graph\">{\"@context\":\"https:\/\/schema.org\",\"@graph\":[{\"@type\":\"WebPage\",\"@id\":\"https:\/\/uka-kuechen.de\/index.php\/objektbereich\/projekte\/programmstyle\/\",\"url\":\"https:\/\/uka-kuechen.de\/index.php\/objektbereich\/projekte\/programmstyle\/\",\"name\":\"Programmstyle - UKA K\u00fcchen\",\"isPartOf\":{\"@id\":\"https:\/\/uka-kuechen.de\/#website\"},\"datePublished\":\"2019-03-20T15:40:14+00:00\",\"dateModified\":\"2025-07-10T12:24:25+00:00\",\"breadcrumb\":{\"@id\":\"https:\/\/uka-kuechen.de\/index.php\/objektbereich\/projekte\/programmstyle\/#breadcrumb\"},\"inLanguage\":\"de\",\"potentialAction\":[{\"@type\":\"ReadAction\",\"target\":[\"https:\/\/uka-kuechen.de\/index.php\/objektbereich\/projekte\/programmstyle\/\"]}]},{\"@type\":\"BreadcrumbList\",\"@id\":\"https:\/\/uka-kuechen.de\/index.php\/objektbereich\/projekte\/programmstyle\/#breadcrumb\",\"itemListElement\":[{\"@type\":\"ListItem\",\"position\":1,\"name\":\"Startseite\",\"item\":\"https:\/\/uka-kuechen.de\/\"},{\"@type\":\"ListItem\",\"position\":2,\"name\":\"Objektbereich\",\"item\":\"https:\/\/uka-kuechen.de\/index.php\/objektbereich\/\"},{\"@type\":\"ListItem\",\"position\":3,\"name\":\"Projekte\",\"item\":\"https:\/\/uka-kuechen.de\/index.php\/objektbereich\/projekte\/\"},{\"@type\":\"ListItem\",\"position\":4,\"name\":\"Programmstyle\"}]},{\"@type\":\"WebSite\",\"@id\":\"https:\/\/uka-kuechen.de\/#website\",\"url\":\"https:\/\/uka-kuechen.de\/\",\"name\":\"UKA K\u00fcchen\",\"description\":\"...denn wir sind der Hersteller\",\"potentialAction\":[{\"@type\":\"SearchAction\",\"target\":{\"@type\":\"EntryPoint\",\"urlTemplate\":\"https:\/\/uka-kuechen.de\/?s={search_term_string}\"},\"query-input\":\"required name=search_term_string\"}],\"inLanguage\":\"de\"}]}<\/script>\n<!-- \/ Yoast SEO plugin. -->","yoast_head_json":{"title":"Programmstyle - UKA K\u00fcchen","robots":{"index":"index","follow":"follow","max-snippet":"max-snippet:-1","max-image-preview":"max-image-preview:large","max-video-preview":"max-video-preview:-1"},"canonical":"https:\/\/uka-kuechen.de\/index.php\/objektbereich\/projekte\/programmstyle\/","og_locale":"de_DE","og_type":"article","og_title":"Programmstyle - UKA K\u00fcchen","og_description":"Programmstyle Wir haben speziell f\u00fcr unsere Objektkunden ein vielseitiges K\u00fcchensortiment, das Eurostyle matt und gl\u00e4nzend Programm, entwickelt. Die Anspr\u00fcche an diese Produkte sind ein sehr gutes Preis-Leistungsverh\u00e4ltnis, zeitgem\u00e4\u00dfe Fronten und Arbeitsplatten, eine hohe Langlebigkeit und schnelle Lieferzeiten. Folgend sind die Fronten-Programme, sowie unser Lager- und Bestellsortiment an Arbeitsplatten und Griffen aufgelistet. Bei Fragen melden Sie [&hellip;]","og_url":"https:\/\/uka-kuechen.de\/index.php\/objektbereich\/projekte\/programmstyle\/","og_site_name":"UKA K\u00fcchen","article_modified_time":"2025-07-10T12:24:25+00:00","og_image":[{"width":2873,"height":675,"url":"https:\/\/uka-kuechen.de\/wp-content\/uploads\/2019\/04\/UKA-Kuechen_objektbereich_Titelbild_Programmstyle-e1554714297572.png","type":"image\/png"}],"twitter_card":"summary_large_image","twitter_misc":{"Gesch\u00e4tzte Lesezeit":"2\u00a0Minuten"},"schema":{"@context":"https:\/\/schema.org","@graph":[{"@type":"WebPage","@id":"https:\/\/uka-kuechen.de\/index.php\/objektbereich\/projekte\/programmstyle\/","url":"https:\/\/uka-kuechen.de\/index.php\/objektbereich\/projekte\/programmstyle\/","name":"Programmstyle - UKA K\u00fcchen","isPartOf":{"@id":"https:\/\/uka-kuechen.de\/#website"},"datePublished":"2019-03-20T15:40:14+00:00","dateModified":"2025-07-10T12:24:25+00:00","breadcrumb":{"@id":"https:\/\/uka-kuechen.de\/index.php\/objektbereich\/projekte\/programmstyle\/#breadcrumb"},"inLanguage":"de","potentialAction":[{"@type":"ReadAction","target":["https:\/\/uka-kuechen.de\/index.php\/objektbereich\/projekte\/programmstyle\/"]}]},{"@type":"BreadcrumbList","@id":"https:\/\/uka-kuechen.de\/index.php\/objektbereich\/projekte\/programmstyle\/#breadcrumb","itemListElement":[{"@type":"ListItem","position":1,"name":"Startseite","item":"https:\/\/uka-kuechen.de\/"},{"@type":"ListItem","position":2,"name":"Objektbereich","item":"https:\/\/uka-kuechen.de\/index.php\/objektbereich\/"},{"@type":"ListItem","position":3,"name":"Projekte","item":"https:\/\/uka-kuechen.de\/index.php\/objektbereich\/projekte\/"},{"@type":"ListItem","position":4,"name":"Programmstyle"}]},{"@type":"WebSite","@id":"https:\/\/uka-kuechen.de\/#website","url":"https:\/\/uka-kuechen.de\/","name":"UKA K\u00fcchen","description":"...denn wir sind der Hersteller","potentialAction":[{"@type":"SearchAction","target":{"@type":"EntryPoint","urlTemplate":"https:\/\/uka-kuechen.de\/?s={search_term_string}"},"query-input":"required name=search_term_string"}],"inLanguage":"de"}]}},"_links":{"self":[{"href":"https:\/\/uka-kuechen.de\/index.php\/wp-json\/wp\/v2\/pages\/1836"}],"collection":[{"href":"https:\/\/uka-kuechen.de\/index.php\/wp-json\/wp\/v2\/pages"}],"about":[{"href":"https:\/\/uka-kuechen.de\/index.php\/wp-json\/wp\/v2\/types\/page"}],"author":[{"embeddable":true,"href":"https:\/\/uka-kuechen.de\/index.php\/wp-json\/wp\/v2\/users\/1"}],"replies":[{"embeddable":true,"href":"https:\/\/uka-kuechen.de\/index.php\/wp-json\/wp\/v2\/comments?post=1836"}],"version-history":[{"count":64,"href":"https:\/\/uka-kuechen.de\/index.php\/wp-json\/wp\/v2\/pages\/1836\/revisions"}],"predecessor-version":[{"id":2771,"href":"https:\/\/uka-kuechen.de\/index.php\/wp-json\/wp\/v2\/pages\/1836\/revisions\/2771"}],"up":[{"embeddable":true,"href":"https:\/\/uka-kuechen.de\/index.php\/wp-json\/wp\/v2\/pages\/1572"}],"wp:featuredmedia":[{"embeddable":true,"href":"https:\/\/uka-kuechen.de\/index.php\/wp-json\/wp\/v2\/media\/2180"}],"wp:attachment":[{"href":"https:\/\/uka-kuechen.de\/index.php\/wp-json\/wp\/v2\/media?parent=1836"}],"curies":[{"name":"wp","href":"https:\/\/api.w.org\/{rel}","templated":true}]}}