{"id":1602,"date":"2019-03-11T13:20:25","date_gmt":"2019-03-11T12:20:25","guid":{"rendered":"http:\/\/192.168.44.46\/uka\/?page_id=1602"},"modified":"2023-10-09T12:59:16","modified_gmt":"2023-10-09T10:59:16","slug":"oeffnungszeiten-anfahrt","status":"publish","type":"page","link":"https:\/\/uka-kuechen.de\/index.php\/kontakt\/oeffnungszeiten-anfahrt\/","title":{"rendered":"\u00d6ffnungszeiten \/ Anfahrt"},"content":{"rendered":"<div class=\"row\">\n<div class=\"large-6 medium-6 small-12 columns\">\n<p>Das UKA-K\u00fcchenwerk mit der Ausstellung befindet sich sehr verkehrsg\u00fcnstig in Autobahn- (A7) und Nordport-\/Flughafenn\u00e4he, Parkraum steht ausreichend zur Verf\u00fcgung.<\/p>\n<p><strong>UKA-K\u00fcchenwerk GmbH<\/strong><br \/>\nGutenbergring 20 \u2013 22848 Norderstedt<br \/>\nTelefon: 040-52 87 21-0 \u2013 Telefax: 040-52 87 21 12<br \/>\nE-Mail: <a href=\"mailto:uka@uka-kuechen.de\">uka@uka-kuechen.de<\/a><\/p>\n<p>Website: <a href=\"http:\/\/www.uka-kuechen.de\" target=\"_blank\" rel=\"noopener noreferrer\">www.uka-kuechen.de<\/a><\/p>\n<p><strong>\u00d6ffnungszeiten Ausstellung:<\/strong><br \/>\nMontag: 08.00 &#8211; 16.30 Uhr<br \/>\nDienstag: 08.00 &#8211; 16.30 Uhr<br \/>\nMittwoch: 08.00 &#8211; 16.30 Uhr<br \/>\nDonnerstag: 08.00 &#8211; 16.30 Uhr<br \/>\nFreitag: 08.00 &#8211; 13.00 Uhr<br \/>\nSamstag: <em>nach Vereinbarung<\/em><br \/>\n<em>(Wir empfehlen einen Beratungstermin nach Ihren W\u00fcnschen zu vereinbaren. <\/em><em>Auch Termine au\u00dferhalb der \u00d6ffnungszeiten unserer Ausstellung sind m\u00f6glich!)<\/em><\/p>\n<p><strong>\u00d6ffnungszeiten Verwaltung:<\/strong><br \/>\nMontag-Donnerstag 8.00-16.15 Uhr \u2013 Freitag 8.00-12.15 Uhr<\/p>\n<\/div>\n<div class=\"large-6 medium-6 small-12 columns\"><a class=\"about-image-link\" href=\"\/wp-content\/uploads\/2015\/12\/UKA-Kuechen-ueber-uns_Firmengebaeude.jpg\" rel=\"attachment wp-att-762\"><img decoding=\"async\" class=\"historie-bild about-image alignnone size-large wp-image-762\" src=\"\/wp-content\/uploads\/2015\/12\/UKA-Kuechen-ueber-uns_Firmengebaeude-700x429.jpg\" alt=\"UKA-Kuechen-ueber-uns_Firmengebaeude\" \/><\/a><\/div>\n<\/div>\n<p>&nbsp;<\/p>\n<p class=\"bildunterschrift\"><a href=\"\/wp-content\/uploads\/2015\/10\/uka-flugzeug.jpg\" rel=\"attachment wp-att-740\"><img decoding=\"async\" class=\"alignleft size-large wp-image-740\" src=\"\/wp-content\/uploads\/2015\/10\/uka-flugzeug-700x467.jpg\" alt=\"uka-flugzeug\" \/><\/a><br \/>\nN\u00e4he Hamburger Flughafen Fuhlsb\u00fcttel (Helmut Schmidt Airport)<\/p>\n","protected":false},"excerpt":{"rendered":"<p>Das UKA-K\u00fcchenwerk mit der Ausstellung befindet sich sehr verkehrsg\u00fcnstig in Autobahn- (A7) und Nordport-\/Flughafenn\u00e4he, Parkraum steht ausreichend zur Verf\u00fcgung. UKA-K\u00fcchenwerk GmbH Gutenbergring 20 \u2013 22848 Norderstedt Telefon: 040-52 87 21-0 \u2013 Telefax: 040-52 87 21 12 E-Mail: uka@uka-kuechen.de Website: www.uka-kuechen.de \u00d6ffnungszeiten Ausstellung: Montag: 08.00 &#8211; 16.30 Uhr Dienstag: 08.00 &#8211; 16.30 Uhr Mittwoch: 08.00 &#8211; [&hellip;]<\/p>\n","protected":false},"author":1,"featured_media":0,"parent":19,"menu_order":14,"comment_status":"closed","ping_status":"closed","template":"","meta":{"footnotes":""},"acf":[],"yoast_head":"<!-- This site is optimized with the Yoast SEO plugin v21.7 - https:\/\/yoast.com\/wordpress\/plugins\/seo\/ -->\n<title>\u00d6ffnungszeiten \/ Anfahrt - UKA K\u00fcchen<\/title>\n<meta name=\"robots\" content=\"index, follow, max-snippet:-1, max-image-preview:large, max-video-preview:-1\" \/>\n<link rel=\"canonical\" href=\"https:\/\/uka-kuechen.de\/index.php\/kontakt\/oeffnungszeiten-anfahrt\/\" \/>\n<meta property=\"og:locale\" content=\"de_DE\" \/>\n<meta property=\"og:type\" content=\"article\" \/>\n<meta property=\"og:title\" content=\"\u00d6ffnungszeiten \/ Anfahrt - UKA K\u00fcchen\" \/>\n<meta property=\"og:description\" content=\"Das UKA-K\u00fcchenwerk mit der Ausstellung befindet sich sehr verkehrsg\u00fcnstig in Autobahn- (A7) und Nordport-\/Flughafenn\u00e4he, Parkraum steht ausreichend zur Verf\u00fcgung. UKA-K\u00fcchenwerk GmbH Gutenbergring 20 \u2013 22848 Norderstedt Telefon: 040-52 87 21-0 \u2013 Telefax: 040-52 87 21 12 E-Mail: uka@uka-kuechen.de Website: www.uka-kuechen.de \u00d6ffnungszeiten Ausstellung: Montag: 08.00 &#8211; 16.30 Uhr Dienstag: 08.00 &#8211; 16.30 Uhr Mittwoch: 08.00 &#8211; [&hellip;]\" \/>\n<meta property=\"og:url\" content=\"https:\/\/uka-kuechen.de\/index.php\/kontakt\/oeffnungszeiten-anfahrt\/\" \/>\n<meta property=\"og:site_name\" content=\"UKA K\u00fcchen\" \/>\n<meta property=\"article:modified_time\" content=\"2023-10-09T10:59:16+00:00\" \/>\n<meta name=\"twitter:card\" content=\"summary_large_image\" \/>\n<meta name=\"twitter:label1\" content=\"Gesch\u00e4tzte Lesezeit\" \/>\n\t<meta name=\"twitter:data1\" content=\"1\u00a0Minute\" \/>\n<script type=\"application\/ld+json\" class=\"yoast-schema-graph\">{\"@context\":\"https:\/\/schema.org\",\"@graph\":[{\"@type\":\"WebPage\",\"@id\":\"https:\/\/uka-kuechen.de\/index.php\/kontakt\/oeffnungszeiten-anfahrt\/\",\"url\":\"https:\/\/uka-kuechen.de\/index.php\/kontakt\/oeffnungszeiten-anfahrt\/\",\"name\":\"\u00d6ffnungszeiten \/ Anfahrt - UKA K\u00fcchen\",\"isPartOf\":{\"@id\":\"https:\/\/uka-kuechen.de\/#website\"},\"datePublished\":\"2019-03-11T12:20:25+00:00\",\"dateModified\":\"2023-10-09T10:59:16+00:00\",\"breadcrumb\":{\"@id\":\"https:\/\/uka-kuechen.de\/index.php\/kontakt\/oeffnungszeiten-anfahrt\/#breadcrumb\"},\"inLanguage\":\"de\",\"potentialAction\":[{\"@type\":\"ReadAction\",\"target\":[\"https:\/\/uka-kuechen.de\/index.php\/kontakt\/oeffnungszeiten-anfahrt\/\"]}]},{\"@type\":\"BreadcrumbList\",\"@id\":\"https:\/\/uka-kuechen.de\/index.php\/kontakt\/oeffnungszeiten-anfahrt\/#breadcrumb\",\"itemListElement\":[{\"@type\":\"ListItem\",\"position\":1,\"name\":\"Startseite\",\"item\":\"https:\/\/uka-kuechen.de\/\"},{\"@type\":\"ListItem\",\"position\":2,\"name\":\"Kontakt\",\"item\":\"https:\/\/uka-kuechen.de\/index.php\/kontakt\/\"},{\"@type\":\"ListItem\",\"position\":3,\"name\":\"\u00d6ffnungszeiten \/ Anfahrt\"}]},{\"@type\":\"WebSite\",\"@id\":\"https:\/\/uka-kuechen.de\/#website\",\"url\":\"https:\/\/uka-kuechen.de\/\",\"name\":\"UKA K\u00fcchen\",\"description\":\"...denn wir sind der Hersteller\",\"potentialAction\":[{\"@type\":\"SearchAction\",\"target\":{\"@type\":\"EntryPoint\",\"urlTemplate\":\"https:\/\/uka-kuechen.de\/?s={search_term_string}\"},\"query-input\":\"required name=search_term_string\"}],\"inLanguage\":\"de\"}]}<\/script>\n<!-- \/ Yoast SEO plugin. -->","yoast_head_json":{"title":"\u00d6ffnungszeiten \/ Anfahrt - UKA K\u00fcchen","robots":{"index":"index","follow":"follow","max-snippet":"max-snippet:-1","max-image-preview":"max-image-preview:large","max-video-preview":"max-video-preview:-1"},"canonical":"https:\/\/uka-kuechen.de\/index.php\/kontakt\/oeffnungszeiten-anfahrt\/","og_locale":"de_DE","og_type":"article","og_title":"\u00d6ffnungszeiten \/ Anfahrt - UKA K\u00fcchen","og_description":"Das UKA-K\u00fcchenwerk mit der Ausstellung befindet sich sehr verkehrsg\u00fcnstig in Autobahn- (A7) und Nordport-\/Flughafenn\u00e4he, Parkraum steht ausreichend zur Verf\u00fcgung. UKA-K\u00fcchenwerk GmbH Gutenbergring 20 \u2013 22848 Norderstedt Telefon: 040-52 87 21-0 \u2013 Telefax: 040-52 87 21 12 E-Mail: uka@uka-kuechen.de Website: www.uka-kuechen.de \u00d6ffnungszeiten Ausstellung: Montag: 08.00 &#8211; 16.30 Uhr Dienstag: 08.00 &#8211; 16.30 Uhr Mittwoch: 08.00 &#8211; [&hellip;]","og_url":"https:\/\/uka-kuechen.de\/index.php\/kontakt\/oeffnungszeiten-anfahrt\/","og_site_name":"UKA K\u00fcchen","article_modified_time":"2023-10-09T10:59:16+00:00","twitter_card":"summary_large_image","twitter_misc":{"Gesch\u00e4tzte Lesezeit":"1\u00a0Minute"},"schema":{"@context":"https:\/\/schema.org","@graph":[{"@type":"WebPage","@id":"https:\/\/uka-kuechen.de\/index.php\/kontakt\/oeffnungszeiten-anfahrt\/","url":"https:\/\/uka-kuechen.de\/index.php\/kontakt\/oeffnungszeiten-anfahrt\/","name":"\u00d6ffnungszeiten \/ Anfahrt - UKA K\u00fcchen","isPartOf":{"@id":"https:\/\/uka-kuechen.de\/#website"},"datePublished":"2019-03-11T12:20:25+00:00","dateModified":"2023-10-09T10:59:16+00:00","breadcrumb":{"@id":"https:\/\/uka-kuechen.de\/index.php\/kontakt\/oeffnungszeiten-anfahrt\/#breadcrumb"},"inLanguage":"de","potentialAction":[{"@type":"ReadAction","target":["https:\/\/uka-kuechen.de\/index.php\/kontakt\/oeffnungszeiten-anfahrt\/"]}]},{"@type":"BreadcrumbList","@id":"https:\/\/uka-kuechen.de\/index.php\/kontakt\/oeffnungszeiten-anfahrt\/#breadcrumb","itemListElement":[{"@type":"ListItem","position":1,"name":"Startseite","item":"https:\/\/uka-kuechen.de\/"},{"@type":"ListItem","position":2,"name":"Kontakt","item":"https:\/\/uka-kuechen.de\/index.php\/kontakt\/"},{"@type":"ListItem","position":3,"name":"\u00d6ffnungszeiten \/ Anfahrt"}]},{"@type":"WebSite","@id":"https:\/\/uka-kuechen.de\/#website","url":"https:\/\/uka-kuechen.de\/","name":"UKA K\u00fcchen","description":"...denn wir sind der Hersteller","potentialAction":[{"@type":"SearchAction","target":{"@type":"EntryPoint","urlTemplate":"https:\/\/uka-kuechen.de\/?s={search_term_string}"},"query-input":"required name=search_term_string"}],"inLanguage":"de"}]}},"_links":{"self":[{"href":"https:\/\/uka-kuechen.de\/index.php\/wp-json\/wp\/v2\/pages\/1602"}],"collection":[{"href":"https:\/\/uka-kuechen.de\/index.php\/wp-json\/wp\/v2\/pages"}],"about":[{"href":"https:\/\/uka-kuechen.de\/index.php\/wp-json\/wp\/v2\/types\/page"}],"author":[{"embeddable":true,"href":"https:\/\/uka-kuechen.de\/index.php\/wp-json\/wp\/v2\/users\/1"}],"replies":[{"embeddable":true,"href":"https:\/\/uka-kuechen.de\/index.php\/wp-json\/wp\/v2\/comments?post=1602"}],"version-history":[{"count":5,"href":"https:\/\/uka-kuechen.de\/index.php\/wp-json\/wp\/v2\/pages\/1602\/revisions"}],"predecessor-version":[{"id":2777,"href":"https:\/\/uka-kuechen.de\/index.php\/wp-json\/wp\/v2\/pages\/1602\/revisions\/2777"}],"up":[{"embeddable":true,"href":"https:\/\/uka-kuechen.de\/index.php\/wp-json\/wp\/v2\/pages\/19"}],"wp:attachment":[{"href":"https:\/\/uka-kuechen.de\/index.php\/wp-json\/wp\/v2\/media?parent=1602"}],"curies":[{"name":"wp","href":"https:\/\/api.w.org\/{rel}","templated":true}]}}