{"id":1597,"date":"2019-03-11T13:19:03","date_gmt":"2019-03-11T12:19:03","guid":{"rendered":"http:\/\/192.168.44.46\/uka\/?page_id=1597"},"modified":"2023-06-02T14:20:51","modified_gmt":"2023-06-02T12:20:51","slug":"historie","status":"publish","type":"page","link":"https:\/\/uka-kuechen.de\/index.php\/unternehmen\/historie\/","title":{"rendered":"Historie"},"content":{"rendered":"<div class=\"row\">\n<div class=\"large-8 medium-8 small-12 columns\">\n<h1>Historie<\/h1>\n<p><strong>Der Erfolg hat eine Geschichte\u2026<\/strong><\/p>\n<p>Die Gr\u00fcnder des Unternehmens und zugleich Namensgeber, Ursula Kaste (UKA) und Ihr Ehemann, wagten in der Nachkriegszeit den Schritt in die Selbstst\u00e4ndigkeit.<\/p>\n<p>Das Unternehmen wurde 1954 von ihnen in Tangstedt (Kreis Stormarn) gegr\u00fcndet. Der Zweck des Unternehmens lag anf\u00e4nglich noch in der Herstellung von soliden Wasserk\u00e4sten aus Holz f\u00fcr die Toilettensp\u00fclungen. Der Bedarf war gewaltig, da in dieser Wirtschafswunderzeit sehr viel Wohnraum, besonders im zerst\u00f6rten Hamburg, geschaffen wurde.<\/p>\n<p>Der neue Nachkriegs-Wohnstandard sah den Einbau von eigenen B\u00e4dern und Toiletten in den Wohnungen vor. In der Epoche vor dem Krieg waren Etagenb\u00e4der und \u2013toiletten weit verbreitet. Die Abnehmer waren seinerzeit Gro\u00dfh\u00e4ndler aus dem Sanit\u00e4rbereich.<\/p>\n<p>In dieser Zeit wurden bereits erste wichtige Erfahrungen mit der Serienproduktion von Holz-Werkst\u00fccken gemacht. Die Marke \u201cUKA\u201d hatte sich in den 60er Jahren bereits in Norddeutschland profiliert.<\/p>\n<\/div>\n<div class=\"large-3 medium-4 small-12 columns chronologie-rechts\">\n<p class=\"untertitel\"><a class=\"historie-image-link\" href=\"https:\/\/uka-kuechen.de\/wp-content\/uploads\/2019\/04\/UKA-Kuechen_historie_chronologie1.png\"><img loading=\"lazy\" decoding=\"async\" width=\"392\" height=\"671\" class=\"chronologie-bild1 alignnone historie-image size-full wp-image-72\" src=\"https:\/\/uka-kuechen.de\/wp-content\/uploads\/2019\/04\/UKA-Kuechen_historie_chronologie1.png\" sizes=\"(max-width: 392px) 100vw, 392px\" srcset=\"https:\/\/uka-kuechen.de\/wp-content\/uploads\/2019\/04\/UKA-Kuechen_historie_chronologie1.png 392w, https:\/\/uka-kuechen.de\/wp-content\/uploads\/2019\/04\/UKA-Kuechen_historie_chronologie1.png 250w, https:\/\/uka-kuechen.de\/wp-content\/uploads\/2019\/04\/UKA-Kuechen_historie_chronologie1.png 120w\" alt=\"UKA-Kuechen historie\" \/><\/a><\/p>\n<p>Die Gr\u00fcnderfamilie Kaste hat die Chance der Nachkriegszeit tatkr\u00e4ftig genutzt und das Unternehmen 1954 aufgebaut.<\/p>\n<\/div>\n<\/div>\n<div class=\"row\">\n<div class=\"large-8 medium-8 small-12 columns\">\n<p>Die weitergehende Anfrage nach einer K\u00fcchenm\u00f6belproduktion kam aus den Reihen der Handelskunden. Diese Idee wurde intern diskutiert und letztlich auch erfolgreich in der Produktion umgesetzt. Die Expansion erfolgte 1964, mit dem Erwerb des Grundst\u00fccks in Norderstedt, im Industriegebiet Nettelkr\u00f6gen. Nach dem Erwerb wurden Produktionshallen und Verwaltungsgeb\u00e4ude darauf errichtet.<\/p>\n<p>Im Jahr 1970 wurde auf Grund der hohen Auftragslage, der firmeneigene Fuhrpark analog zum Liefervolumen erweitert und das Personal wurde erhebliche aufgestockt.<\/p>\n<\/div>\n<div class=\"large-3 medium-4 small-12 columns chronologie-rechts\">\n<p class=\"untertitel\"><a class=\"historie-image-link\" href=\"https:\/\/uka-kuechen.de\/wp-content\/uploads\/2019\/04\/UKA-Kuechen_historie_chronologie2.jpg\"><img loading=\"lazy\" decoding=\"async\" width=\"503\" height=\"389\" class=\"chronologie-bild1 alignnone size-full historie-image wp-image-73\" src=\"https:\/\/uka-kuechen.de\/wp-content\/uploads\/2019\/04\/UKA-Kuechen_historie_chronologie2.jpg\" sizes=\"(max-width: 503px) 100vw, 503px\" srcset=\"https:\/\/uka-kuechen.de\/wp-content\/uploads\/2019\/04\/UKA-Kuechen_historie_chronologie2.jpg 503w, https:\/\/uka-kuechen.de\/wp-content\/uploads\/2019\/04\/UKA-Kuechen_historie_chronologie2.jpg 250w, https:\/\/uka-kuechen.de\/wp-content\/uploads\/2019\/04\/UKA-Kuechen_historie_chronologie2.jpg 120w\" alt=\"UKA-Kuechen chronologie\" \/><\/a><\/p>\n<p>Qualit\u00e4tskontrollen waren schon damals selbstverst\u00e4ndlich<\/p>\n<p class=\"untertitel\"><a class=\"historie-image-link\" href=\"https:\/\/uka-kuechen.de\/wp-content\/uploads\/2019\/04\/UKA-Kuechen_historie_chronologie3.png\"><img loading=\"lazy\" decoding=\"async\" width=\"608\" height=\"361\" class=\"chronologie-bild1 alignnone size-full historie-image wp-image-75\" src=\"https:\/\/uka-kuechen.de\/wp-content\/uploads\/2019\/04\/UKA-Kuechen_historie_chronologie3.png\" sizes=\"(max-width: 608px) 100vw, 608px\" srcset=\"https:\/\/uka-kuechen.de\/wp-content\/uploads\/2019\/04\/UKA-Kuechen_historie_chronologie3.png 608w, https:\/\/uka-kuechen.de\/wp-content\/uploads\/2019\/04\/UKA-Kuechen_historie_chronologie3.png 250w, https:\/\/uka-kuechen.de\/wp-content\/uploads\/2019\/04\/UKA-Kuechen_historie_chronologie3.png 120w\" alt=\"UKA-Kuechen LKW\" \/><\/a><\/p>\n<\/div>\n<\/div>\n<div class=\"row\">\n<div class=\"large-3 medium-4 small-12 columns chronologie-links\">\n<p class=\"untertitel\"><a class=\"historie-image-link\" href=\"https:\/\/uka-kuechen.de\/wp-content\/uploads\/2019\/04\/UKA-Kuechen_historie_chronologie4.png\"><img loading=\"lazy\" decoding=\"async\" width=\"605\" height=\"322\" class=\"chronologie-bild1 alignnone size-full historie-image wp-image-76\" src=\"https:\/\/uka-kuechen.de\/wp-content\/uploads\/2019\/04\/UKA-Kuechen_historie_chronologie4.png\" sizes=\"(max-width: 605px) 100vw, 605px\" srcset=\"https:\/\/uka-kuechen.de\/wp-content\/uploads\/2019\/04\/UKA-Kuechen_historie_chronologie4.png 605w, https:\/\/uka-kuechen.de\/wp-content\/uploads\/2019\/04\/UKA-Kuechen_historie_chronologie4.png 250w, https:\/\/uka-kuechen.de\/wp-content\/uploads\/2019\/04\/UKA-Kuechen_historie_chronologie4.png 120w\" alt=\"UKA-Kuechen_historie Besprechung\" \/><\/a><\/p>\n<p>Das Betriebsklima war immer prima<\/p>\n<\/div>\n<div class=\"large-8 medium-8 small-12 columns\">\n<p>Die damalige Anschrift dokumentiert Zeitgeschichte. Sie lautete noch: UKA-Werke \u2013 2000 Garstedt \/ Bez. Hamburg, Gutenbergring 20. Denn Norderstedt, als Zusammenschluss von 4 D\u00f6rfern, gab es in der heutigen Verwaltungsform noch nicht. Statt Fax-Anschluss und E-Mail Adresse gab es einen Fernschreiber mit der Telex-Nummer 0215080.<\/p>\n<\/div>\n<\/div>\n<div class=\"row\">\n<div class=\"large-12 medium-12 small-12 columns\">\n<h1>Aus der Anbauk\u00fcche wurde die Einbauk\u00fcche<\/h1>\n<\/div>\n<div class=\"large-4 medium-4 small-12 columns chronologie-links\">\n<p class=\"untertitel\"><a class=\"historie-image-link\" href=\"https:\/\/uka-kuechen.de\/wp-content\/uploads\/2019\/04\/UKA-Kuechen-ueber-uns_Firmengebaeude-frueher.png\"><img loading=\"lazy\" decoding=\"async\" width=\"609\" height=\"370\" class=\"chronologie-bild1 alignnone size-full historie-image wp-image-84\" src=\"https:\/\/uka-kuechen.de\/wp-content\/uploads\/2019\/04\/UKA-Kuechen-ueber-uns_Firmengebaeude-frueher.png\" sizes=\"(max-width: 609px) 100vw, 609px\" srcset=\"https:\/\/uka-kuechen.de\/wp-content\/uploads\/2019\/04\/UKA-Kuechen-ueber-uns_Firmengebaeude-frueher.png 609w, https:\/\/uka-kuechen.de\/wp-content\/uploads\/2019\/04\/UKA-Kuechen-ueber-uns_Firmengebaeude-frueher.png 250w, https:\/\/uka-kuechen.de\/wp-content\/uploads\/2019\/04\/UKA-Kuechen-ueber-uns_Firmengebaeude-frueher.png 120w\" alt=\"UKA-Kuechen Firmengebaeude\" \/><\/a><\/p>\n<\/div>\n<div class=\"large-8 medium-8 small-12 columns\">\n<p>Ende der 50er Jahre wurde die Fertigung von Sp\u00fclen-Unterschr\u00e4nken f\u00fcr K\u00fcchen aufgenommen. Als logische Erg\u00e4nzung folgten weitere M\u00f6belmodule mit Schiebet\u00fcren und Schubladen. E-Ger\u00e4te wurden seinerzeit einfach neben die Unterschr\u00e4nke gestellt. Sehr bald wurde das Programm um Wandschr\u00e4nke erweitert. Der wachsende Wohlstand brachte eben auch eine Vielzahl von neuen K\u00fcchenutensilien mit sich, die Ihren Platz finden sollten. Damit war letztlich die \u201eAnbauk\u00fcche\u201c geboren. Wohlgemerkt \u201eAnbauk\u00fcche\u201c, denn die \u201eEinbauk\u00fcche\u201c geh\u00f6rte schon zur n\u00e4chsten K\u00fcchenm\u00f6bel-Generation.<\/p>\n<p>Ab 1983 wurden die Vertriebsstrukturen erweitert. Neben dem Fachhandel wurde nun auch der Direktverkauf an Endkunden aufgebaut. Das war ein wichtiger Schritt f\u00fcr die weitere Expansion des UKA-K\u00fcchenwerks.<\/p>\n<p>Die Nachkommen des Gr\u00fcnders waren in dieser Phase schon hausintern t\u00e4tig. Die kaufm\u00e4nnischen Lehrjahre davor verbrachten die Geschwister jedoch in anderen Unternehmen.<\/p>\n<\/div>\n<\/div>\n<div class=\"row\">\n<div class=\"large-8 medium-8 small-12 columns\">\n<p>Die Leitung des Unternehmens wurde folgerichtig und wunschgem\u00e4\u00df 1990 an die Kinder \u00fcbergeben. Damit wurde das Unternehmen mit neuer Rechtsform ins Handelsregister Norderstedt eingetragen.<\/p>\n<p>Die gesch\u00e4ftsleitenden Aufgaben wurden unter den Geschwistern ideal aufgeteilt. Peter und G\u00fcnther Kaste f\u00fchren die Bereiche Einkauf \/ E-Ger\u00e4te und Einkauf \/ Produktion und Vertrieb sowie die technische Leitung.<\/p>\n<p>Zwischenzeitlich wurde das Verwaltungsgeb\u00e4ude mit gelungenem architektonischen Akzent aufgestockt. Damit entstanden neue erweiterte M\u00f6glichkeiten f\u00fcr die M\u00f6belpr\u00e4sentation.<\/p>\n<p>Seit Anfang 2014 ist bereits die 3. Generation im Unternehmen vertreten. Frau Verena Kaste unterst\u00fctzt uns im Bereich Lohn- und Finanzbuchhaltung, Frau Alexandra Rief (geb. Kaste) in den Bereichen Einkauf Handelswaren, Marketing und Vertrieb, Herr Florian Kaste in den Bereichen Logistik und Kundenservice, und Herr Oliver Kaste in den Bereichen Produktion und Einkauf Produktionswaren.<\/p>\n<p>Die \u201eUr-Anbauk\u00fcche\u201c der 60er und 70er Jahre bestand noch aus glatten wei\u00df-folierten Spanplatten-Fl\u00e4chen mit Kanten-Umleimern. Durchg\u00e4ngige Griffleisten aus Alu-Profilen pr\u00e4gten das Erscheinungsbild, das in der Neuzeit als Design-Komponente wieder aufgegriffen wurde.<\/p>\n<p>Die Produktion wurde auf CNC-gesteuerte Fertigungsstra\u00dfen umgestellt. Damit wurde eine extrem ma\u00dfhaltige Produktion m\u00f6glich. Trotzdem gleicht kaum eine K\u00fcche der Anderen. Die individualisierten Kundenw\u00fcnsche flie\u00dfen stets mit in die Planungsvorbereitung ein. Die perfektionierte homogene K\u00fcchengestaltung wurde mit dem Ma\u00dfeinbau der \u201eEinbauk\u00fcchen\u201c m\u00f6glich. Von Wand zu Wand, von Ecke zu Ecke und vom Boden bis zur Decke. Auch die E-Ger\u00e4te wurden harmonisch mit passenden Fronten in die K\u00fcche mit integriert.<\/p>\n<p>Neue Fertigungsverfahren erm\u00f6glichten neue Frontengestaltungen mit Holz-Strukturen und Reliefoberfl\u00e4chen (wie z.B. Landhausstil-Kassetten) sowie thermisch als auch mechanisch sehr resistente Arbeitsplatten-Qualit\u00e4ten. Auch das Innenleben der Schrankelemente wurde weiterentwickelt. Scharniere und Schubladenmechaniken (z.B. selbstschlie\u00dfend und ged\u00e4mpft) wurden perfektioniert.<\/p>\n<p>Die heute g\u00e4ngigen Plan-Rasterma\u00df-Breite von 30\/40\/45\/50\/60\/80\/90\/100\/120 cm bei Unter-\/Wand- und Hochschr\u00e4nken bieten angepasste Gestaltungsm\u00f6glichkeiten und haben sich in der Branche bew\u00e4hrt. Die Schrankh\u00f6hen und die Arbeitsplattenh\u00f6hen sind seither vielf\u00e4ltig w\u00e4hlbar. Gro\u00dfz\u00fcgige Schubladen\u00f6ffnungen erm\u00f6glichen den ergonomischen Zugriff auf Zutaten und Vorr\u00e4te.<\/p>\n<\/div>\n<div class=\"large-4 medium-4 small-12 columns chronologie-rechts\">\n<p class=\"untertitel\"><a class=\"historie-image-link\" href=\"https:\/\/uka-kuechen.de\/wp-content\/uploads\/2019\/04\/geschaeftsfuehrer_kaste_uka-kuechen.jpg\"><img loading=\"lazy\" decoding=\"async\" width=\"683\" height=\"1024\" class=\"chronologie-bild1 alignnone size-full historie-image wp-image-263\" src=\"https:\/\/uka-kuechen.de\/wp-content\/uploads\/2019\/04\/geschaeftsfuehrer_kaste_uka-kuechen.jpg\" sizes=\"(max-width: 683px) 100vw, 683px\" srcset=\"https:\/\/uka-kuechen.de\/wp-content\/uploads\/2019\/04\/geschaeftsfuehrer_kaste_uka-kuechen.jpg 683w, https:\/\/uka-kuechen.de\/wp-content\/uploads\/2019\/04\/geschaeftsfuehrer_kaste_uka-kuechen.jpg 250w, https:\/\/uka-kuechen.de\/wp-content\/uploads\/2019\/04\/geschaeftsfuehrer_kaste_uka-kuechen.jpg 120w\" alt=\"geschaeftsfuehrer kaste uka-kuechen\" \/><\/a><\/p>\n<p>Gesch\u00e4ftsleitung, Herr Peter Kaste und Herr G\u00fcnther Kaste<\/p>\n<p class=\"untertitel\"><a class=\"historie-image-link\" href=\"https:\/\/uka-kuechen.de\/wp-content\/uploads\/2019\/04\/verena-kaste_alexandra-kaste_uka-kuechen.jpg\"><img loading=\"lazy\" decoding=\"async\" width=\"800\" height=\"981\" class=\"chronologie-bild1 alignnone historie-image size-full wp-image-267\" src=\"https:\/\/uka-kuechen.de\/wp-content\/uploads\/2019\/04\/verena-kaste_alexandra-kaste_uka-kuechen.jpg\" sizes=\"(max-width: 800px) 100vw, 800px\" srcset=\"https:\/\/uka-kuechen.de\/wp-content\/uploads\/2019\/04\/verena-kaste_alexandra-kaste_uka-kuechen.jpg 800w, https:\/\/uka-kuechen.de\/wp-content\/uploads\/2019\/04\/verena-kaste_alexandra-kaste_uka-kuechen.jpg 250w, https:\/\/uka-kuechen.de\/wp-content\/uploads\/2019\/04\/verena-kaste_alexandra-kaste_uka-kuechen.jpg 700w, https:\/\/uka-kuechen.de\/wp-content\/uploads\/2019\/04\/verena-kaste_alexandra-kaste_uka-kuechen.jpg 120w\" alt=\"verena kaste, alexandra kaste\" \/><\/a><\/p>\n<p>Bereits seit 2014 ist die 3. Generation schon im Unternehmen vertreten,<br \/>\nFrau Verena Kaste und Frau Alexandra Rief (geb. Kaste)<\/p>\n<\/div>\n<\/div>\n<div class=\"row\">\n<div class=\"large-12 medium-12 small-12 columns\">\n<h2>Die heutige Einbauk\u00fcche als Lebensraum<\/h2>\n<\/div>\n<div class=\"large-4 medium-4 small-12 columns\">\n<p class=\"untertitel\"><a class=\"historie-image-link\" href=\"https:\/\/uka-kuechen.de\/wp-content\/uploads\/2019\/04\/UKA-Kuechen-ueber-uns_Eurogloss-neu.jpg\"><img loading=\"lazy\" decoding=\"async\" width=\"700\" height=\"800\" class=\"chronologie-bild1 alignnone size-large historie-image wp-image-419\" src=\"https:\/\/uka-kuechen.de\/wp-content\/uploads\/2019\/04\/UKA-Kuechen-ueber-uns_Eurogloss-neu.jpg\" sizes=\"(max-width: 700px) 100vw, 700px\" srcset=\"https:\/\/uka-kuechen.de\/wp-content\/uploads\/2019\/04\/UKA-Kuechen-ueber-uns_Eurogloss-neu.jpg 700w, https:\/\/uka-kuechen.de\/wp-content\/uploads\/2019\/04\/UKA-Kuechen-ueber-uns_Eurogloss-neu.jpg 250w, https:\/\/uka-kuechen.de\/wp-content\/uploads\/2019\/04\/UKA-Kuechen-ueber-uns_Eurogloss-neu.jpg 120w\" alt=\"UKA-Kuechen-ueber-uns_Eurogloss-neu\" \/><\/a><\/p>\n<p>WER HINTEN K\u00dcCHEN PRODUZIERT, KANN VORNE BESSER BERATEN\u2026<\/p>\n<\/div>\n<div class=\"large-8 medium-8 small-12 columns\">\n<p>Die heutige K\u00fcche hat \u2013 auch durch die Kochbewegung (sicher durch Dr. Alfred Biolek angeregt) \u2013 eine neue Bedeutung erhalten. Sie ist Kulturraum des Essens, Wohnraum und Treffpunkt zugleich geworden. In der Zeit der \u201eAnbauk\u00fcchen\u201c war der Raum eher zweckbetont und n\u00fcchtern. Eine Vielzahl von sehr hilfreichen Einrichtungen und Ger\u00e4ten erleichtern heute die Zubereitung. Dazu geh\u00f6ren z.B.: \u201edenkende\u201c K\u00fchlschr\u00e4nke und Back\u00f6fen, Induktionsherdplatten, sowie integrierte TV-LCD-Flachbildschirme. Die Farbgestaltung der Fl\u00e4chen ist nahezu grenzenlos geworden. Neue Materialien begeistern Innengestalter und letztlich den Endverbraucher.<\/p>\n<p>Die Entwicklung im Sinne der Kundenw\u00fcnsche geht auch bei UKA weiter. Wir fertigen keine M\u00f6bel von der Stange, sondern funktionsgerechte, designorientierte und individuelle K\u00fcchenm\u00f6bel mit hoher Pr\u00e4zision und langer Haltbarkeit. Sie kaufen besser direkt ab Werk \u2013 im Werk. Denn: Wer kennt seine Produkte besser als der Hersteller?<\/p>\n<p>F\u00fcr Wohnungsbauunternehmen, Genossenschaftler, Tischlereien und Architekten bieten wir besondere Serviceleistungen.<\/p>\n<p>Wir freuen uns auf Ihre W\u00fcnsche.<\/p>\n<\/div>\n<\/div>\n","protected":false},"excerpt":{"rendered":"<p>Historie Der Erfolg hat eine Geschichte\u2026 Die Gr\u00fcnder des Unternehmens und zugleich Namensgeber, Ursula Kaste (UKA) und Ihr Ehemann, wagten in der Nachkriegszeit den Schritt in die Selbstst\u00e4ndigkeit. Das Unternehmen wurde 1954 von ihnen in Tangstedt (Kreis Stormarn) gegr\u00fcndet. Der Zweck des Unternehmens lag anf\u00e4nglich noch in der Herstellung von soliden Wasserk\u00e4sten aus Holz f\u00fcr [&hellip;]<\/p>\n","protected":false},"author":1,"featured_media":0,"parent":1594,"menu_order":13,"comment_status":"closed","ping_status":"closed","template":"","meta":{"footnotes":""},"acf":[],"yoast_head":"<!-- This site is optimized with the Yoast SEO plugin v21.7 - https:\/\/yoast.com\/wordpress\/plugins\/seo\/ -->\n<title>Historie - UKA K\u00fcchen<\/title>\n<meta name=\"robots\" content=\"index, follow, max-snippet:-1, max-image-preview:large, max-video-preview:-1\" \/>\n<link rel=\"canonical\" href=\"https:\/\/uka-kuechen.de\/index.php\/unternehmen\/historie\/\" \/>\n<meta property=\"og:locale\" content=\"de_DE\" \/>\n<meta property=\"og:type\" content=\"article\" \/>\n<meta property=\"og:title\" content=\"Historie - UKA K\u00fcchen\" \/>\n<meta property=\"og:description\" content=\"Historie Der Erfolg hat eine Geschichte\u2026 Die Gr\u00fcnder des Unternehmens und zugleich Namensgeber, Ursula Kaste (UKA) und Ihr Ehemann, wagten in der Nachkriegszeit den Schritt in die Selbstst\u00e4ndigkeit. Das Unternehmen wurde 1954 von ihnen in Tangstedt (Kreis Stormarn) gegr\u00fcndet. Der Zweck des Unternehmens lag anf\u00e4nglich noch in der Herstellung von soliden Wasserk\u00e4sten aus Holz f\u00fcr [&hellip;]\" \/>\n<meta property=\"og:url\" content=\"https:\/\/uka-kuechen.de\/index.php\/unternehmen\/historie\/\" \/>\n<meta property=\"og:site_name\" content=\"UKA K\u00fcchen\" \/>\n<meta property=\"article:modified_time\" content=\"2023-06-02T12:20:51+00:00\" \/>\n<meta property=\"og:image\" content=\"https:\/\/uka-kuechen.de\/wp-content\/uploads\/2019\/04\/UKA-Kuechen_historie_chronologie1.png\" \/>\n<meta name=\"twitter:card\" content=\"summary_large_image\" \/>\n<meta name=\"twitter:label1\" content=\"Gesch\u00e4tzte Lesezeit\" \/>\n\t<meta name=\"twitter:data1\" content=\"7\u00a0Minuten\" \/>\n<script type=\"application\/ld+json\" class=\"yoast-schema-graph\">{\"@context\":\"https:\/\/schema.org\",\"@graph\":[{\"@type\":\"WebPage\",\"@id\":\"https:\/\/uka-kuechen.de\/index.php\/unternehmen\/historie\/\",\"url\":\"https:\/\/uka-kuechen.de\/index.php\/unternehmen\/historie\/\",\"name\":\"Historie - UKA K\u00fcchen\",\"isPartOf\":{\"@id\":\"https:\/\/uka-kuechen.de\/#website\"},\"datePublished\":\"2019-03-11T12:19:03+00:00\",\"dateModified\":\"2023-06-02T12:20:51+00:00\",\"breadcrumb\":{\"@id\":\"https:\/\/uka-kuechen.de\/index.php\/unternehmen\/historie\/#breadcrumb\"},\"inLanguage\":\"de\",\"potentialAction\":[{\"@type\":\"ReadAction\",\"target\":[\"https:\/\/uka-kuechen.de\/index.php\/unternehmen\/historie\/\"]}]},{\"@type\":\"BreadcrumbList\",\"@id\":\"https:\/\/uka-kuechen.de\/index.php\/unternehmen\/historie\/#breadcrumb\",\"itemListElement\":[{\"@type\":\"ListItem\",\"position\":1,\"name\":\"Startseite\",\"item\":\"https:\/\/uka-kuechen.de\/\"},{\"@type\":\"ListItem\",\"position\":2,\"name\":\"Unternehmen\",\"item\":\"https:\/\/uka-kuechen.de\/index.php\/unternehmen\/\"},{\"@type\":\"ListItem\",\"position\":3,\"name\":\"Historie\"}]},{\"@type\":\"WebSite\",\"@id\":\"https:\/\/uka-kuechen.de\/#website\",\"url\":\"https:\/\/uka-kuechen.de\/\",\"name\":\"UKA K\u00fcchen\",\"description\":\"...denn wir sind der Hersteller\",\"potentialAction\":[{\"@type\":\"SearchAction\",\"target\":{\"@type\":\"EntryPoint\",\"urlTemplate\":\"https:\/\/uka-kuechen.de\/?s={search_term_string}\"},\"query-input\":\"required name=search_term_string\"}],\"inLanguage\":\"de\"}]}<\/script>\n<!-- \/ Yoast SEO plugin. -->","yoast_head_json":{"title":"Historie - UKA K\u00fcchen","robots":{"index":"index","follow":"follow","max-snippet":"max-snippet:-1","max-image-preview":"max-image-preview:large","max-video-preview":"max-video-preview:-1"},"canonical":"https:\/\/uka-kuechen.de\/index.php\/unternehmen\/historie\/","og_locale":"de_DE","og_type":"article","og_title":"Historie - UKA K\u00fcchen","og_description":"Historie Der Erfolg hat eine Geschichte\u2026 Die Gr\u00fcnder des Unternehmens und zugleich Namensgeber, Ursula Kaste (UKA) und Ihr Ehemann, wagten in der Nachkriegszeit den Schritt in die Selbstst\u00e4ndigkeit. Das Unternehmen wurde 1954 von ihnen in Tangstedt (Kreis Stormarn) gegr\u00fcndet. Der Zweck des Unternehmens lag anf\u00e4nglich noch in der Herstellung von soliden Wasserk\u00e4sten aus Holz f\u00fcr [&hellip;]","og_url":"https:\/\/uka-kuechen.de\/index.php\/unternehmen\/historie\/","og_site_name":"UKA K\u00fcchen","article_modified_time":"2023-06-02T12:20:51+00:00","og_image":[{"url":"https:\/\/uka-kuechen.de\/wp-content\/uploads\/2019\/04\/UKA-Kuechen_historie_chronologie1.png"}],"twitter_card":"summary_large_image","twitter_misc":{"Gesch\u00e4tzte Lesezeit":"7\u00a0Minuten"},"schema":{"@context":"https:\/\/schema.org","@graph":[{"@type":"WebPage","@id":"https:\/\/uka-kuechen.de\/index.php\/unternehmen\/historie\/","url":"https:\/\/uka-kuechen.de\/index.php\/unternehmen\/historie\/","name":"Historie - UKA K\u00fcchen","isPartOf":{"@id":"https:\/\/uka-kuechen.de\/#website"},"datePublished":"2019-03-11T12:19:03+00:00","dateModified":"2023-06-02T12:20:51+00:00","breadcrumb":{"@id":"https:\/\/uka-kuechen.de\/index.php\/unternehmen\/historie\/#breadcrumb"},"inLanguage":"de","potentialAction":[{"@type":"ReadAction","target":["https:\/\/uka-kuechen.de\/index.php\/unternehmen\/historie\/"]}]},{"@type":"BreadcrumbList","@id":"https:\/\/uka-kuechen.de\/index.php\/unternehmen\/historie\/#breadcrumb","itemListElement":[{"@type":"ListItem","position":1,"name":"Startseite","item":"https:\/\/uka-kuechen.de\/"},{"@type":"ListItem","position":2,"name":"Unternehmen","item":"https:\/\/uka-kuechen.de\/index.php\/unternehmen\/"},{"@type":"ListItem","position":3,"name":"Historie"}]},{"@type":"WebSite","@id":"https:\/\/uka-kuechen.de\/#website","url":"https:\/\/uka-kuechen.de\/","name":"UKA K\u00fcchen","description":"...denn wir sind der Hersteller","potentialAction":[{"@type":"SearchAction","target":{"@type":"EntryPoint","urlTemplate":"https:\/\/uka-kuechen.de\/?s={search_term_string}"},"query-input":"required name=search_term_string"}],"inLanguage":"de"}]}},"_links":{"self":[{"href":"https:\/\/uka-kuechen.de\/index.php\/wp-json\/wp\/v2\/pages\/1597"}],"collection":[{"href":"https:\/\/uka-kuechen.de\/index.php\/wp-json\/wp\/v2\/pages"}],"about":[{"href":"https:\/\/uka-kuechen.de\/index.php\/wp-json\/wp\/v2\/types\/page"}],"author":[{"embeddable":true,"href":"https:\/\/uka-kuechen.de\/index.php\/wp-json\/wp\/v2\/users\/1"}],"replies":[{"embeddable":true,"href":"https:\/\/uka-kuechen.de\/index.php\/wp-json\/wp\/v2\/comments?post=1597"}],"version-history":[{"count":51,"href":"https:\/\/uka-kuechen.de\/index.php\/wp-json\/wp\/v2\/pages\/1597\/revisions"}],"predecessor-version":[{"id":2763,"href":"https:\/\/uka-kuechen.de\/index.php\/wp-json\/wp\/v2\/pages\/1597\/revisions\/2763"}],"up":[{"embeddable":true,"href":"https:\/\/uka-kuechen.de\/index.php\/wp-json\/wp\/v2\/pages\/1594"}],"wp:attachment":[{"href":"https:\/\/uka-kuechen.de\/index.php\/wp-json\/wp\/v2\/media?parent=1597"}],"curies":[{"name":"wp","href":"https:\/\/api.w.org\/{rel}","templated":true}]}}