{"id":1574,"date":"2019-03-11T13:00:17","date_gmt":"2019-03-11T12:00:17","guid":{"rendered":"http:\/\/192.168.44.46\/uka\/?page_id=1574"},"modified":"2023-06-02T14:15:45","modified_gmt":"2023-06-02T12:15:45","slug":"betreuung","status":"publish","type":"page","link":"https:\/\/uka-kuechen.de\/index.php\/objektbereich\/projekte\/betreuung\/","title":{"rendered":"Betreuung"},"content":{"rendered":"<p><img loading=\"lazy\" decoding=\"async\" class=\"aligncenter size-fp-xlarge wp-image-2180\" src=\"https:\/\/uka-kuechen.de\/wp-content\/uploads\/2019\/04\/UKA-Kuechen_objektbereich_Titelbild_Programmstyle-e1554714297572-1920x451.png\" alt=\"\" width=\"1920\" height=\"518\" \/><\/p>\n<h1>Ihr Partner im Objektbereich\u2026<\/h1>\n<p>Entdecken Sie unsere speziellen M\u00f6glichkeiten in der Planung und Fertigung von Objektk\u00fcchen.<\/p>\n<p>Entdecken Sie unsere speziellen M\u00f6glichkeiten in der Planung und Fertigung von Wohnungssanierungen, K\u00fcchen in Neubauten oder auch bei Ersatzbedarf bei einem Mieterwechsel. Wir \u00fcbernehmen f\u00fcr Sie das pr\u00e4zise Aufma\u00df, die Erstellung von Installationspl\u00e4nen und bauen bei Bedarf die vorhandene K\u00fcche aus und entsorgen sie fachgerecht.<\/p>\n<p>Zus\u00e4tzlich sind unsere Maschinen-Kapazit\u00e4ten f\u00fcr hohe St\u00fcckzahlen ausgelegt und unsere Auslieferungen erfolgen durch unseren eigenen Werksfuhrpark. Langj\u00e4hrige Erfahrungen mit Bau-Projekten in ganz Deutschland garantieren Ihnen Zuverl\u00e4ssigkeit und Kundenzufriedenheit. Kurze Entscheidungswege unseres eigent\u00fcmergef\u00fchrten Unternehmens sorgen f\u00fcr Effizienz bis zum Einbau. Laden Sie Ihre Kunden zu UKA in die Ausstellung\u00a0ein.<\/p>\n<p>Gerne stellen wir Ihnen unser Angebot in eigens f\u00fcr den Objektbereich eingerichteten R\u00e4umlichkeiten vor. Von Mustern bis Verkaufsunterlagen, unsere Kunden werden von spezialisierten Objektberatern rundum betreut.<\/p>\n<p>Die Vorteile, die eine Werksanbindung hat liegen auf der Hand \u2013 Schnelle Lieferzeiten und eine zuverl\u00e4ssige Partnerschaft.<\/p>\n<p><strong>Wir freuen uns schon auf Ihre n\u00e4chste Anfrage bzw. Ausschreibung\u2026<\/strong><\/p>\n<p class=\"bildunterschrift\"><a href=\"https:\/\/uka-kuechen.de\/index.php\/objektbereich\/projekte\/referenz\/objektbereich\/\">Bilder von Referenzobjekten&#8230;<\/a><\/p>\n","protected":false},"excerpt":{"rendered":"<p>Ihr Partner im Objektbereich\u2026 Entdecken Sie unsere speziellen M\u00f6glichkeiten in der Planung und Fertigung von Objektk\u00fcchen. Entdecken Sie unsere speziellen M\u00f6glichkeiten in der Planung und Fertigung von Wohnungssanierungen, K\u00fcchen in Neubauten oder auch bei Ersatzbedarf bei einem Mieterwechsel. Wir \u00fcbernehmen f\u00fcr Sie das pr\u00e4zise Aufma\u00df, die Erstellung von Installationspl\u00e4nen und bauen bei Bedarf die vorhandene [&hellip;]<\/p>\n","protected":false},"author":1,"featured_media":2180,"parent":1572,"menu_order":7,"comment_status":"closed","ping_status":"closed","template":"","meta":{"footnotes":""},"acf":[],"yoast_head":"<!-- This site is optimized with the Yoast SEO plugin v21.7 - https:\/\/yoast.com\/wordpress\/plugins\/seo\/ -->\n<title>Betreuung - UKA K\u00fcchen<\/title>\n<meta name=\"robots\" content=\"index, follow, max-snippet:-1, max-image-preview:large, max-video-preview:-1\" \/>\n<link rel=\"canonical\" href=\"https:\/\/uka-kuechen.de\/index.php\/objektbereich\/projekte\/betreuung\/\" \/>\n<meta property=\"og:locale\" content=\"de_DE\" \/>\n<meta property=\"og:type\" content=\"article\" \/>\n<meta property=\"og:title\" content=\"Betreuung - UKA K\u00fcchen\" \/>\n<meta property=\"og:description\" content=\"Ihr Partner im Objektbereich\u2026 Entdecken Sie unsere speziellen M\u00f6glichkeiten in der Planung und Fertigung von Objektk\u00fcchen. Entdecken Sie unsere speziellen M\u00f6glichkeiten in der Planung und Fertigung von Wohnungssanierungen, K\u00fcchen in Neubauten oder auch bei Ersatzbedarf bei einem Mieterwechsel. Wir \u00fcbernehmen f\u00fcr Sie das pr\u00e4zise Aufma\u00df, die Erstellung von Installationspl\u00e4nen und bauen bei Bedarf die vorhandene [&hellip;]\" \/>\n<meta property=\"og:url\" content=\"https:\/\/uka-kuechen.de\/index.php\/objektbereich\/projekte\/betreuung\/\" \/>\n<meta property=\"og:site_name\" content=\"UKA K\u00fcchen\" \/>\n<meta property=\"article:modified_time\" content=\"2023-06-02T12:15:45+00:00\" \/>\n<meta property=\"og:image\" content=\"https:\/\/uka-kuechen.de\/wp-content\/uploads\/2019\/04\/UKA-Kuechen_objektbereich_Titelbild_Programmstyle-e1554714297572.png\" \/>\n\t<meta property=\"og:image:width\" content=\"2873\" \/>\n\t<meta property=\"og:image:height\" content=\"675\" \/>\n\t<meta property=\"og:image:type\" content=\"image\/png\" \/>\n<meta name=\"twitter:card\" content=\"summary_large_image\" \/>\n<meta name=\"twitter:label1\" content=\"Gesch\u00e4tzte Lesezeit\" \/>\n\t<meta name=\"twitter:data1\" content=\"2\u00a0Minuten\" \/>\n<script type=\"application\/ld+json\" class=\"yoast-schema-graph\">{\"@context\":\"https:\/\/schema.org\",\"@graph\":[{\"@type\":\"WebPage\",\"@id\":\"https:\/\/uka-kuechen.de\/index.php\/objektbereich\/projekte\/betreuung\/\",\"url\":\"https:\/\/uka-kuechen.de\/index.php\/objektbereich\/projekte\/betreuung\/\",\"name\":\"Betreuung - UKA K\u00fcchen\",\"isPartOf\":{\"@id\":\"https:\/\/uka-kuechen.de\/#website\"},\"datePublished\":\"2019-03-11T12:00:17+00:00\",\"dateModified\":\"2023-06-02T12:15:45+00:00\",\"breadcrumb\":{\"@id\":\"https:\/\/uka-kuechen.de\/index.php\/objektbereich\/projekte\/betreuung\/#breadcrumb\"},\"inLanguage\":\"de\",\"potentialAction\":[{\"@type\":\"ReadAction\",\"target\":[\"https:\/\/uka-kuechen.de\/index.php\/objektbereich\/projekte\/betreuung\/\"]}]},{\"@type\":\"BreadcrumbList\",\"@id\":\"https:\/\/uka-kuechen.de\/index.php\/objektbereich\/projekte\/betreuung\/#breadcrumb\",\"itemListElement\":[{\"@type\":\"ListItem\",\"position\":1,\"name\":\"Startseite\",\"item\":\"https:\/\/uka-kuechen.de\/\"},{\"@type\":\"ListItem\",\"position\":2,\"name\":\"Objektbereich\",\"item\":\"https:\/\/uka-kuechen.de\/index.php\/objektbereich\/\"},{\"@type\":\"ListItem\",\"position\":3,\"name\":\"Projekte\",\"item\":\"https:\/\/uka-kuechen.de\/index.php\/objektbereich\/projekte\/\"},{\"@type\":\"ListItem\",\"position\":4,\"name\":\"Betreuung\"}]},{\"@type\":\"WebSite\",\"@id\":\"https:\/\/uka-kuechen.de\/#website\",\"url\":\"https:\/\/uka-kuechen.de\/\",\"name\":\"UKA K\u00fcchen\",\"description\":\"...denn wir sind der Hersteller\",\"potentialAction\":[{\"@type\":\"SearchAction\",\"target\":{\"@type\":\"EntryPoint\",\"urlTemplate\":\"https:\/\/uka-kuechen.de\/?s={search_term_string}\"},\"query-input\":\"required name=search_term_string\"}],\"inLanguage\":\"de\"}]}<\/script>\n<!-- \/ Yoast SEO plugin. -->","yoast_head_json":{"title":"Betreuung - UKA K\u00fcchen","robots":{"index":"index","follow":"follow","max-snippet":"max-snippet:-1","max-image-preview":"max-image-preview:large","max-video-preview":"max-video-preview:-1"},"canonical":"https:\/\/uka-kuechen.de\/index.php\/objektbereich\/projekte\/betreuung\/","og_locale":"de_DE","og_type":"article","og_title":"Betreuung - UKA K\u00fcchen","og_description":"Ihr Partner im Objektbereich\u2026 Entdecken Sie unsere speziellen M\u00f6glichkeiten in der Planung und Fertigung von Objektk\u00fcchen. Entdecken Sie unsere speziellen M\u00f6glichkeiten in der Planung und Fertigung von Wohnungssanierungen, K\u00fcchen in Neubauten oder auch bei Ersatzbedarf bei einem Mieterwechsel. Wir \u00fcbernehmen f\u00fcr Sie das pr\u00e4zise Aufma\u00df, die Erstellung von Installationspl\u00e4nen und bauen bei Bedarf die vorhandene [&hellip;]","og_url":"https:\/\/uka-kuechen.de\/index.php\/objektbereich\/projekte\/betreuung\/","og_site_name":"UKA K\u00fcchen","article_modified_time":"2023-06-02T12:15:45+00:00","og_image":[{"width":2873,"height":675,"url":"https:\/\/uka-kuechen.de\/wp-content\/uploads\/2019\/04\/UKA-Kuechen_objektbereich_Titelbild_Programmstyle-e1554714297572.png","type":"image\/png"}],"twitter_card":"summary_large_image","twitter_misc":{"Gesch\u00e4tzte Lesezeit":"2\u00a0Minuten"},"schema":{"@context":"https:\/\/schema.org","@graph":[{"@type":"WebPage","@id":"https:\/\/uka-kuechen.de\/index.php\/objektbereich\/projekte\/betreuung\/","url":"https:\/\/uka-kuechen.de\/index.php\/objektbereich\/projekte\/betreuung\/","name":"Betreuung - UKA K\u00fcchen","isPartOf":{"@id":"https:\/\/uka-kuechen.de\/#website"},"datePublished":"2019-03-11T12:00:17+00:00","dateModified":"2023-06-02T12:15:45+00:00","breadcrumb":{"@id":"https:\/\/uka-kuechen.de\/index.php\/objektbereich\/projekte\/betreuung\/#breadcrumb"},"inLanguage":"de","potentialAction":[{"@type":"ReadAction","target":["https:\/\/uka-kuechen.de\/index.php\/objektbereich\/projekte\/betreuung\/"]}]},{"@type":"BreadcrumbList","@id":"https:\/\/uka-kuechen.de\/index.php\/objektbereich\/projekte\/betreuung\/#breadcrumb","itemListElement":[{"@type":"ListItem","position":1,"name":"Startseite","item":"https:\/\/uka-kuechen.de\/"},{"@type":"ListItem","position":2,"name":"Objektbereich","item":"https:\/\/uka-kuechen.de\/index.php\/objektbereich\/"},{"@type":"ListItem","position":3,"name":"Projekte","item":"https:\/\/uka-kuechen.de\/index.php\/objektbereich\/projekte\/"},{"@type":"ListItem","position":4,"name":"Betreuung"}]},{"@type":"WebSite","@id":"https:\/\/uka-kuechen.de\/#website","url":"https:\/\/uka-kuechen.de\/","name":"UKA K\u00fcchen","description":"...denn wir sind der Hersteller","potentialAction":[{"@type":"SearchAction","target":{"@type":"EntryPoint","urlTemplate":"https:\/\/uka-kuechen.de\/?s={search_term_string}"},"query-input":"required name=search_term_string"}],"inLanguage":"de"}]}},"_links":{"self":[{"href":"https:\/\/uka-kuechen.de\/index.php\/wp-json\/wp\/v2\/pages\/1574"}],"collection":[{"href":"https:\/\/uka-kuechen.de\/index.php\/wp-json\/wp\/v2\/pages"}],"about":[{"href":"https:\/\/uka-kuechen.de\/index.php\/wp-json\/wp\/v2\/types\/page"}],"author":[{"embeddable":true,"href":"https:\/\/uka-kuechen.de\/index.php\/wp-json\/wp\/v2\/users\/1"}],"replies":[{"embeddable":true,"href":"https:\/\/uka-kuechen.de\/index.php\/wp-json\/wp\/v2\/comments?post=1574"}],"version-history":[{"count":24,"href":"https:\/\/uka-kuechen.de\/index.php\/wp-json\/wp\/v2\/pages\/1574\/revisions"}],"predecessor-version":[{"id":2761,"href":"https:\/\/uka-kuechen.de\/index.php\/wp-json\/wp\/v2\/pages\/1574\/revisions\/2761"}],"up":[{"embeddable":true,"href":"https:\/\/uka-kuechen.de\/index.php\/wp-json\/wp\/v2\/pages\/1572"}],"wp:featuredmedia":[{"embeddable":true,"href":"https:\/\/uka-kuechen.de\/index.php\/wp-json\/wp\/v2\/media\/2180"}],"wp:attachment":[{"href":"https:\/\/uka-kuechen.de\/index.php\/wp-json\/wp\/v2\/media?parent=1574"}],"curies":[{"name":"wp","href":"https:\/\/api.w.org\/{rel}","templated":true}]}}