{"id":1550,"date":"2019-03-11T12:52:47","date_gmt":"2019-03-11T11:52:47","guid":{"rendered":"http:\/\/192.168.44.46\/uka\/?page_id=1550"},"modified":"2023-04-21T09:42:03","modified_gmt":"2023-04-21T07:42:03","slug":"sonderanfertigungen","status":"publish","type":"page","link":"https:\/\/uka-kuechen.de\/index.php\/kuechen\/persoenliche-planung\/sonderanfertigungen\/","title":{"rendered":"Sonderanfertigungen"},"content":{"rendered":"<h2>Sonderanfertigungen<\/h2>\n<p>Sonderanfertigungen geh\u00f6ren bei uns zum Standard. Als erfahrener Hersteller von hochwertigen K\u00fcchenm\u00f6beln besitzen wir eine hohe Kundenn\u00e4he und Flexibilit\u00e4t, die ausschlaggebend f\u00fcr die Realisation von Sonderanfertigungen sind. Durch das eigene Werk in Norderstedt und durch unser qualifiziertes Fachwissen haben wir die M\u00f6glichkeiten individuelle M\u00f6bel herzustellen.<\/p>\n<p><strong>Der individuellen Planung ist dabei kaum Grenzen gesetzt:<\/strong><br \/>\nOb sie Breiten und H\u00f6hen ver\u00e4ndern wollen, Schr\u00e4gen und Anpassungen ben\u00f6tigen oder sich eine besondere Form vorstellen.<br \/>\nUnser Anliegen ist es Ihre W\u00fcnsche umzusetzen.<\/p>\n","protected":false},"excerpt":{"rendered":"<p>Sonderanfertigungen Sonderanfertigungen geh\u00f6ren bei uns zum Standard. Als erfahrener Hersteller von hochwertigen K\u00fcchenm\u00f6beln besitzen wir eine hohe Kundenn\u00e4he und Flexibilit\u00e4t, die ausschlaggebend f\u00fcr die Realisation von Sonderanfertigungen sind. Durch das eigene Werk in Norderstedt und durch unser qualifiziertes Fachwissen haben wir die M\u00f6glichkeiten individuelle M\u00f6bel herzustellen. Der individuellen Planung ist dabei kaum Grenzen gesetzt: Ob [&hellip;]<\/p>\n","protected":false},"author":1,"featured_media":0,"parent":1546,"menu_order":35,"comment_status":"closed","ping_status":"closed","template":"page-templates\/galerie.php","meta":{"footnotes":""},"acf":[],"yoast_head":"<!-- This site is optimized with the Yoast SEO plugin v21.7 - https:\/\/yoast.com\/wordpress\/plugins\/seo\/ -->\n<title>Sonderanfertigungen - UKA K\u00fcchen<\/title>\n<meta name=\"robots\" content=\"index, follow, max-snippet:-1, max-image-preview:large, max-video-preview:-1\" \/>\n<link rel=\"canonical\" href=\"https:\/\/uka-kuechen.de\/index.php\/kuechen\/persoenliche-planung\/sonderanfertigungen\/\" \/>\n<meta property=\"og:locale\" content=\"de_DE\" \/>\n<meta property=\"og:type\" content=\"article\" \/>\n<meta property=\"og:title\" content=\"Sonderanfertigungen - UKA K\u00fcchen\" \/>\n<meta property=\"og:description\" content=\"Sonderanfertigungen Sonderanfertigungen geh\u00f6ren bei uns zum Standard. Als erfahrener Hersteller von hochwertigen K\u00fcchenm\u00f6beln besitzen wir eine hohe Kundenn\u00e4he und Flexibilit\u00e4t, die ausschlaggebend f\u00fcr die Realisation von Sonderanfertigungen sind. Durch das eigene Werk in Norderstedt und durch unser qualifiziertes Fachwissen haben wir die M\u00f6glichkeiten individuelle M\u00f6bel herzustellen. Der individuellen Planung ist dabei kaum Grenzen gesetzt: Ob [&hellip;]\" \/>\n<meta property=\"og:url\" content=\"https:\/\/uka-kuechen.de\/index.php\/kuechen\/persoenliche-planung\/sonderanfertigungen\/\" \/>\n<meta property=\"og:site_name\" content=\"UKA K\u00fcchen\" \/>\n<meta property=\"article:modified_time\" content=\"2023-04-21T07:42:03+00:00\" \/>\n<meta name=\"twitter:card\" content=\"summary_large_image\" \/>\n<meta name=\"twitter:label1\" content=\"Gesch\u00e4tzte Lesezeit\" \/>\n\t<meta name=\"twitter:data1\" content=\"1\u00a0Minute\" \/>\n<script type=\"application\/ld+json\" class=\"yoast-schema-graph\">{\"@context\":\"https:\/\/schema.org\",\"@graph\":[{\"@type\":\"WebPage\",\"@id\":\"https:\/\/uka-kuechen.de\/index.php\/kuechen\/persoenliche-planung\/sonderanfertigungen\/\",\"url\":\"https:\/\/uka-kuechen.de\/index.php\/kuechen\/persoenliche-planung\/sonderanfertigungen\/\",\"name\":\"Sonderanfertigungen - UKA K\u00fcchen\",\"isPartOf\":{\"@id\":\"https:\/\/uka-kuechen.de\/#website\"},\"datePublished\":\"2019-03-11T11:52:47+00:00\",\"dateModified\":\"2023-04-21T07:42:03+00:00\",\"breadcrumb\":{\"@id\":\"https:\/\/uka-kuechen.de\/index.php\/kuechen\/persoenliche-planung\/sonderanfertigungen\/#breadcrumb\"},\"inLanguage\":\"de\",\"potentialAction\":[{\"@type\":\"ReadAction\",\"target\":[\"https:\/\/uka-kuechen.de\/index.php\/kuechen\/persoenliche-planung\/sonderanfertigungen\/\"]}]},{\"@type\":\"BreadcrumbList\",\"@id\":\"https:\/\/uka-kuechen.de\/index.php\/kuechen\/persoenliche-planung\/sonderanfertigungen\/#breadcrumb\",\"itemListElement\":[{\"@type\":\"ListItem\",\"position\":1,\"name\":\"Startseite\",\"item\":\"https:\/\/uka-kuechen.de\/\"},{\"@type\":\"ListItem\",\"position\":2,\"name\":\"K\u00fcchen\",\"item\":\"https:\/\/uka-kuechen.de\/index.php\/kuechen\/\"},{\"@type\":\"ListItem\",\"position\":3,\"name\":\"Pers\u00f6nliche Planung\",\"item\":\"https:\/\/uka-kuechen.de\/index.php\/kuechen\/persoenliche-planung\/\"},{\"@type\":\"ListItem\",\"position\":4,\"name\":\"Sonderanfertigungen\"}]},{\"@type\":\"WebSite\",\"@id\":\"https:\/\/uka-kuechen.de\/#website\",\"url\":\"https:\/\/uka-kuechen.de\/\",\"name\":\"UKA K\u00fcchen\",\"description\":\"...denn wir sind der Hersteller\",\"potentialAction\":[{\"@type\":\"SearchAction\",\"target\":{\"@type\":\"EntryPoint\",\"urlTemplate\":\"https:\/\/uka-kuechen.de\/?s={search_term_string}\"},\"query-input\":\"required name=search_term_string\"}],\"inLanguage\":\"de\"}]}<\/script>\n<!-- \/ Yoast SEO plugin. -->","yoast_head_json":{"title":"Sonderanfertigungen - UKA K\u00fcchen","robots":{"index":"index","follow":"follow","max-snippet":"max-snippet:-1","max-image-preview":"max-image-preview:large","max-video-preview":"max-video-preview:-1"},"canonical":"https:\/\/uka-kuechen.de\/index.php\/kuechen\/persoenliche-planung\/sonderanfertigungen\/","og_locale":"de_DE","og_type":"article","og_title":"Sonderanfertigungen - UKA K\u00fcchen","og_description":"Sonderanfertigungen Sonderanfertigungen geh\u00f6ren bei uns zum Standard. Als erfahrener Hersteller von hochwertigen K\u00fcchenm\u00f6beln besitzen wir eine hohe Kundenn\u00e4he und Flexibilit\u00e4t, die ausschlaggebend f\u00fcr die Realisation von Sonderanfertigungen sind. Durch das eigene Werk in Norderstedt und durch unser qualifiziertes Fachwissen haben wir die M\u00f6glichkeiten individuelle M\u00f6bel herzustellen. Der individuellen Planung ist dabei kaum Grenzen gesetzt: Ob [&hellip;]","og_url":"https:\/\/uka-kuechen.de\/index.php\/kuechen\/persoenliche-planung\/sonderanfertigungen\/","og_site_name":"UKA K\u00fcchen","article_modified_time":"2023-04-21T07:42:03+00:00","twitter_card":"summary_large_image","twitter_misc":{"Gesch\u00e4tzte Lesezeit":"1\u00a0Minute"},"schema":{"@context":"https:\/\/schema.org","@graph":[{"@type":"WebPage","@id":"https:\/\/uka-kuechen.de\/index.php\/kuechen\/persoenliche-planung\/sonderanfertigungen\/","url":"https:\/\/uka-kuechen.de\/index.php\/kuechen\/persoenliche-planung\/sonderanfertigungen\/","name":"Sonderanfertigungen - UKA K\u00fcchen","isPartOf":{"@id":"https:\/\/uka-kuechen.de\/#website"},"datePublished":"2019-03-11T11:52:47+00:00","dateModified":"2023-04-21T07:42:03+00:00","breadcrumb":{"@id":"https:\/\/uka-kuechen.de\/index.php\/kuechen\/persoenliche-planung\/sonderanfertigungen\/#breadcrumb"},"inLanguage":"de","potentialAction":[{"@type":"ReadAction","target":["https:\/\/uka-kuechen.de\/index.php\/kuechen\/persoenliche-planung\/sonderanfertigungen\/"]}]},{"@type":"BreadcrumbList","@id":"https:\/\/uka-kuechen.de\/index.php\/kuechen\/persoenliche-planung\/sonderanfertigungen\/#breadcrumb","itemListElement":[{"@type":"ListItem","position":1,"name":"Startseite","item":"https:\/\/uka-kuechen.de\/"},{"@type":"ListItem","position":2,"name":"K\u00fcchen","item":"https:\/\/uka-kuechen.de\/index.php\/kuechen\/"},{"@type":"ListItem","position":3,"name":"Pers\u00f6nliche Planung","item":"https:\/\/uka-kuechen.de\/index.php\/kuechen\/persoenliche-planung\/"},{"@type":"ListItem","position":4,"name":"Sonderanfertigungen"}]},{"@type":"WebSite","@id":"https:\/\/uka-kuechen.de\/#website","url":"https:\/\/uka-kuechen.de\/","name":"UKA K\u00fcchen","description":"...denn wir sind der Hersteller","potentialAction":[{"@type":"SearchAction","target":{"@type":"EntryPoint","urlTemplate":"https:\/\/uka-kuechen.de\/?s={search_term_string}"},"query-input":"required name=search_term_string"}],"inLanguage":"de"}]}},"_links":{"self":[{"href":"https:\/\/uka-kuechen.de\/index.php\/wp-json\/wp\/v2\/pages\/1550"}],"collection":[{"href":"https:\/\/uka-kuechen.de\/index.php\/wp-json\/wp\/v2\/pages"}],"about":[{"href":"https:\/\/uka-kuechen.de\/index.php\/wp-json\/wp\/v2\/types\/page"}],"author":[{"embeddable":true,"href":"https:\/\/uka-kuechen.de\/index.php\/wp-json\/wp\/v2\/users\/1"}],"replies":[{"embeddable":true,"href":"https:\/\/uka-kuechen.de\/index.php\/wp-json\/wp\/v2\/comments?post=1550"}],"version-history":[{"count":12,"href":"https:\/\/uka-kuechen.de\/index.php\/wp-json\/wp\/v2\/pages\/1550\/revisions"}],"predecessor-version":[{"id":2736,"href":"https:\/\/uka-kuechen.de\/index.php\/wp-json\/wp\/v2\/pages\/1550\/revisions\/2736"}],"up":[{"embeddable":true,"href":"https:\/\/uka-kuechen.de\/index.php\/wp-json\/wp\/v2\/pages\/1546"}],"wp:attachment":[{"href":"https:\/\/uka-kuechen.de\/index.php\/wp-json\/wp\/v2\/media?parent=1550"}],"curies":[{"name":"wp","href":"https:\/\/api.w.org\/{rel}","templated":true}]}}