{"id":1548,"date":"2019-03-11T12:52:24","date_gmt":"2019-03-11T11:52:24","guid":{"rendered":"http:\/\/192.168.44.46\/uka\/?page_id=1548"},"modified":"2022-11-22T10:52:17","modified_gmt":"2022-11-22T09:52:17","slug":"ihr-weg-zur-wunschkueche","status":"publish","type":"page","link":"https:\/\/uka-kuechen.de\/index.php\/kuechen\/persoenliche-planung\/ihr-weg-zur-wunschkueche\/","title":{"rendered":"Ihr Weg zur Wunschk\u00fcche"},"content":{"rendered":"<h1>Ihr Weg zur Wunschk\u00fcche<\/h1>\n","protected":false},"excerpt":{"rendered":"<p>Ihr Weg zur Wunschk\u00fcche<\/p>\n","protected":false},"author":1,"featured_media":0,"parent":1546,"menu_order":34,"comment_status":"closed","ping_status":"closed","template":"page-templates\/ihr-weg-zur-wunschkueche.php","meta":{"footnotes":""},"acf":[],"yoast_head":"<!-- This site is optimized with the Yoast SEO plugin v21.7 - https:\/\/yoast.com\/wordpress\/plugins\/seo\/ -->\n<title>Ihr Weg zur Wunschk\u00fcche - UKA K\u00fcchen<\/title>\n<meta name=\"robots\" content=\"index, follow, max-snippet:-1, max-image-preview:large, max-video-preview:-1\" \/>\n<link rel=\"canonical\" href=\"https:\/\/uka-kuechen.de\/index.php\/kuechen\/persoenliche-planung\/ihr-weg-zur-wunschkueche\/\" \/>\n<meta property=\"og:locale\" content=\"de_DE\" \/>\n<meta property=\"og:type\" content=\"article\" \/>\n<meta property=\"og:title\" content=\"Ihr Weg zur Wunschk\u00fcche - UKA K\u00fcchen\" \/>\n<meta property=\"og:description\" content=\"Ihr Weg zur Wunschk\u00fcche\" \/>\n<meta property=\"og:url\" content=\"https:\/\/uka-kuechen.de\/index.php\/kuechen\/persoenliche-planung\/ihr-weg-zur-wunschkueche\/\" \/>\n<meta property=\"og:site_name\" content=\"UKA K\u00fcchen\" \/>\n<meta property=\"article:modified_time\" content=\"2022-11-22T09:52:17+00:00\" \/>\n<meta name=\"twitter:card\" content=\"summary_large_image\" \/>\n<script type=\"application\/ld+json\" class=\"yoast-schema-graph\">{\"@context\":\"https:\/\/schema.org\",\"@graph\":[{\"@type\":\"WebPage\",\"@id\":\"https:\/\/uka-kuechen.de\/index.php\/kuechen\/persoenliche-planung\/ihr-weg-zur-wunschkueche\/\",\"url\":\"https:\/\/uka-kuechen.de\/index.php\/kuechen\/persoenliche-planung\/ihr-weg-zur-wunschkueche\/\",\"name\":\"Ihr Weg zur Wunschk\u00fcche - UKA K\u00fcchen\",\"isPartOf\":{\"@id\":\"https:\/\/uka-kuechen.de\/#website\"},\"datePublished\":\"2019-03-11T11:52:24+00:00\",\"dateModified\":\"2022-11-22T09:52:17+00:00\",\"breadcrumb\":{\"@id\":\"https:\/\/uka-kuechen.de\/index.php\/kuechen\/persoenliche-planung\/ihr-weg-zur-wunschkueche\/#breadcrumb\"},\"inLanguage\":\"de\",\"potentialAction\":[{\"@type\":\"ReadAction\",\"target\":[\"https:\/\/uka-kuechen.de\/index.php\/kuechen\/persoenliche-planung\/ihr-weg-zur-wunschkueche\/\"]}]},{\"@type\":\"BreadcrumbList\",\"@id\":\"https:\/\/uka-kuechen.de\/index.php\/kuechen\/persoenliche-planung\/ihr-weg-zur-wunschkueche\/#breadcrumb\",\"itemListElement\":[{\"@type\":\"ListItem\",\"position\":1,\"name\":\"Startseite\",\"item\":\"https:\/\/uka-kuechen.de\/\"},{\"@type\":\"ListItem\",\"position\":2,\"name\":\"K\u00fcchen\",\"item\":\"https:\/\/uka-kuechen.de\/index.php\/kuechen\/\"},{\"@type\":\"ListItem\",\"position\":3,\"name\":\"Pers\u00f6nliche Planung\",\"item\":\"https:\/\/uka-kuechen.de\/index.php\/kuechen\/persoenliche-planung\/\"},{\"@type\":\"ListItem\",\"position\":4,\"name\":\"Ihr Weg zur Wunschk\u00fcche\"}]},{\"@type\":\"WebSite\",\"@id\":\"https:\/\/uka-kuechen.de\/#website\",\"url\":\"https:\/\/uka-kuechen.de\/\",\"name\":\"UKA K\u00fcchen\",\"description\":\"...denn wir sind der Hersteller\",\"potentialAction\":[{\"@type\":\"SearchAction\",\"target\":{\"@type\":\"EntryPoint\",\"urlTemplate\":\"https:\/\/uka-kuechen.de\/?s={search_term_string}\"},\"query-input\":\"required name=search_term_string\"}],\"inLanguage\":\"de\"}]}<\/script>\n<!-- \/ Yoast SEO plugin. -->","yoast_head_json":{"title":"Ihr Weg zur Wunschk\u00fcche - UKA K\u00fcchen","robots":{"index":"index","follow":"follow","max-snippet":"max-snippet:-1","max-image-preview":"max-image-preview:large","max-video-preview":"max-video-preview:-1"},"canonical":"https:\/\/uka-kuechen.de\/index.php\/kuechen\/persoenliche-planung\/ihr-weg-zur-wunschkueche\/","og_locale":"de_DE","og_type":"article","og_title":"Ihr Weg zur Wunschk\u00fcche - UKA K\u00fcchen","og_description":"Ihr Weg zur Wunschk\u00fcche","og_url":"https:\/\/uka-kuechen.de\/index.php\/kuechen\/persoenliche-planung\/ihr-weg-zur-wunschkueche\/","og_site_name":"UKA K\u00fcchen","article_modified_time":"2022-11-22T09:52:17+00:00","twitter_card":"summary_large_image","schema":{"@context":"https:\/\/schema.org","@graph":[{"@type":"WebPage","@id":"https:\/\/uka-kuechen.de\/index.php\/kuechen\/persoenliche-planung\/ihr-weg-zur-wunschkueche\/","url":"https:\/\/uka-kuechen.de\/index.php\/kuechen\/persoenliche-planung\/ihr-weg-zur-wunschkueche\/","name":"Ihr Weg zur Wunschk\u00fcche - UKA K\u00fcchen","isPartOf":{"@id":"https:\/\/uka-kuechen.de\/#website"},"datePublished":"2019-03-11T11:52:24+00:00","dateModified":"2022-11-22T09:52:17+00:00","breadcrumb":{"@id":"https:\/\/uka-kuechen.de\/index.php\/kuechen\/persoenliche-planung\/ihr-weg-zur-wunschkueche\/#breadcrumb"},"inLanguage":"de","potentialAction":[{"@type":"ReadAction","target":["https:\/\/uka-kuechen.de\/index.php\/kuechen\/persoenliche-planung\/ihr-weg-zur-wunschkueche\/"]}]},{"@type":"BreadcrumbList","@id":"https:\/\/uka-kuechen.de\/index.php\/kuechen\/persoenliche-planung\/ihr-weg-zur-wunschkueche\/#breadcrumb","itemListElement":[{"@type":"ListItem","position":1,"name":"Startseite","item":"https:\/\/uka-kuechen.de\/"},{"@type":"ListItem","position":2,"name":"K\u00fcchen","item":"https:\/\/uka-kuechen.de\/index.php\/kuechen\/"},{"@type":"ListItem","position":3,"name":"Pers\u00f6nliche Planung","item":"https:\/\/uka-kuechen.de\/index.php\/kuechen\/persoenliche-planung\/"},{"@type":"ListItem","position":4,"name":"Ihr Weg zur Wunschk\u00fcche"}]},{"@type":"WebSite","@id":"https:\/\/uka-kuechen.de\/#website","url":"https:\/\/uka-kuechen.de\/","name":"UKA K\u00fcchen","description":"...denn wir sind der Hersteller","potentialAction":[{"@type":"SearchAction","target":{"@type":"EntryPoint","urlTemplate":"https:\/\/uka-kuechen.de\/?s={search_term_string}"},"query-input":"required name=search_term_string"}],"inLanguage":"de"}]}},"_links":{"self":[{"href":"https:\/\/uka-kuechen.de\/index.php\/wp-json\/wp\/v2\/pages\/1548"}],"collection":[{"href":"https:\/\/uka-kuechen.de\/index.php\/wp-json\/wp\/v2\/pages"}],"about":[{"href":"https:\/\/uka-kuechen.de\/index.php\/wp-json\/wp\/v2\/types\/page"}],"author":[{"embeddable":true,"href":"https:\/\/uka-kuechen.de\/index.php\/wp-json\/wp\/v2\/users\/1"}],"replies":[{"embeddable":true,"href":"https:\/\/uka-kuechen.de\/index.php\/wp-json\/wp\/v2\/comments?post=1548"}],"version-history":[{"count":8,"href":"https:\/\/uka-kuechen.de\/index.php\/wp-json\/wp\/v2\/pages\/1548\/revisions"}],"predecessor-version":[{"id":2327,"href":"https:\/\/uka-kuechen.de\/index.php\/wp-json\/wp\/v2\/pages\/1548\/revisions\/2327"}],"up":[{"embeddable":true,"href":"https:\/\/uka-kuechen.de\/index.php\/wp-json\/wp\/v2\/pages\/1546"}],"wp:attachment":[{"href":"https:\/\/uka-kuechen.de\/index.php\/wp-json\/wp\/v2\/media?parent=1548"}],"curies":[{"name":"wp","href":"https:\/\/api.w.org\/{rel}","templated":true}]}}