{"id":14,"date":"2015-10-08T16:09:16","date_gmt":"2015-10-08T14:09:16","guid":{"rendered":"http:\/\/temp2.insign-media.de\/?page_id=14"},"modified":"2022-11-22T10:52:28","modified_gmt":"2022-11-22T09:52:28","slug":"barrierefreie-kuechen","status":"publish","type":"page","link":"https:\/\/uka-kuechen.de\/index.php\/kuechen\/persoenliche-planung\/barrierefreie-kuechen\/","title":{"rendered":"Barrierefreie K\u00fcchen"},"content":{"rendered":"<h2>Barrierefreie und behinderten gerechte K\u00fcchen<\/h2>\n<p>Die barrierefreie K\u00fcche hat das Ziel alle K\u00fcchenm\u00f6bel und K\u00fcchenger\u00e4te f\u00fcr jeden Menschen unabh\u00e4ngig von seiner Bewegungsfreiheit ohne fremde Hilfe nutzbar zu machen.<\/p>\n<p>Alle Elemente werden ergonomisch optimiert, sodass die K\u00fcche an die jeweiligen Bed\u00fcrfnisse des Nutzers angepasst wird. Die Arbeitsfl\u00e4chen, die Sp\u00fcle und die Kochstelle sind unterfahrbar und k\u00f6nnen auf Wunsch elektronisch h\u00f6henverstellt werden. Mit fachkundigem Wissen werden Sie von unseren K\u00fcchenexperten beraten, sodass eine spezielle Mechanik, eine besondere Schrankauswahl und die neuste Sicherheitstechnik der Elektroger\u00e4te in die K\u00fcchenplanung ber\u00fccksichtigt werden. <\/p>\n<p><strong>Dabei sind Sonderanfertigungen kein Problem f\u00fcr uns! <\/strong><\/p>\n<p>Ebenso ist es unser Anliegen auf die Designvorstellungen und die Farbgebung des Kunden einzugehen, um Ihm seine Wunschk\u00fcche zu erm\u00f6glichen. Wir m\u00f6chten, dass Sie komfortabel in Ihrer K\u00fcche arbeiten k\u00f6nnen und Ihr Alltag erleichtert wird.<\/p>\n","protected":false},"excerpt":{"rendered":"<p>Barrierefreie und behinderten gerechte K\u00fcchen Die barrierefreie K\u00fcche hat das Ziel alle K\u00fcchenm\u00f6bel und K\u00fcchenger\u00e4te f\u00fcr jeden Menschen unabh\u00e4ngig von seiner Bewegungsfreiheit ohne fremde Hilfe nutzbar zu machen. Alle Elemente werden ergonomisch optimiert, sodass die K\u00fcche an die jeweiligen Bed\u00fcrfnisse des Nutzers angepasst wird. Die Arbeitsfl\u00e4chen, die Sp\u00fcle und die Kochstelle sind unterfahrbar und k\u00f6nnen [&hellip;]<\/p>\n","protected":false},"author":1,"featured_media":0,"parent":1546,"menu_order":23,"comment_status":"closed","ping_status":"closed","template":"page-templates\/galerie.php","meta":{"footnotes":""},"acf":[],"yoast_head":"<!-- This site is optimized with the Yoast SEO plugin v21.7 - https:\/\/yoast.com\/wordpress\/plugins\/seo\/ -->\n<title>Barrierefreie K\u00fcchen - UKA K\u00fcchen<\/title>\n<meta name=\"robots\" content=\"index, follow, max-snippet:-1, max-image-preview:large, max-video-preview:-1\" \/>\n<link rel=\"canonical\" href=\"https:\/\/uka-kuechen.de\/index.php\/kuechen\/persoenliche-planung\/barrierefreie-kuechen\/\" \/>\n<meta property=\"og:locale\" content=\"de_DE\" \/>\n<meta property=\"og:type\" content=\"article\" \/>\n<meta property=\"og:title\" content=\"Barrierefreie K\u00fcchen - UKA K\u00fcchen\" \/>\n<meta property=\"og:description\" content=\"Barrierefreie und behinderten gerechte K\u00fcchen Die barrierefreie K\u00fcche hat das Ziel alle K\u00fcchenm\u00f6bel und K\u00fcchenger\u00e4te f\u00fcr jeden Menschen unabh\u00e4ngig von seiner Bewegungsfreiheit ohne fremde Hilfe nutzbar zu machen. Alle Elemente werden ergonomisch optimiert, sodass die K\u00fcche an die jeweiligen Bed\u00fcrfnisse des Nutzers angepasst wird. Die Arbeitsfl\u00e4chen, die Sp\u00fcle und die Kochstelle sind unterfahrbar und k\u00f6nnen [&hellip;]\" \/>\n<meta property=\"og:url\" content=\"https:\/\/uka-kuechen.de\/index.php\/kuechen\/persoenliche-planung\/barrierefreie-kuechen\/\" \/>\n<meta property=\"og:site_name\" content=\"UKA K\u00fcchen\" \/>\n<meta property=\"article:modified_time\" content=\"2022-11-22T09:52:28+00:00\" \/>\n<meta name=\"twitter:card\" content=\"summary_large_image\" \/>\n<meta name=\"twitter:label1\" content=\"Gesch\u00e4tzte Lesezeit\" \/>\n\t<meta name=\"twitter:data1\" content=\"1\u00a0Minute\" \/>\n<script type=\"application\/ld+json\" class=\"yoast-schema-graph\">{\"@context\":\"https:\/\/schema.org\",\"@graph\":[{\"@type\":\"WebPage\",\"@id\":\"https:\/\/uka-kuechen.de\/index.php\/kuechen\/persoenliche-planung\/barrierefreie-kuechen\/\",\"url\":\"https:\/\/uka-kuechen.de\/index.php\/kuechen\/persoenliche-planung\/barrierefreie-kuechen\/\",\"name\":\"Barrierefreie K\u00fcchen - UKA K\u00fcchen\",\"isPartOf\":{\"@id\":\"https:\/\/uka-kuechen.de\/#website\"},\"datePublished\":\"2015-10-08T14:09:16+00:00\",\"dateModified\":\"2022-11-22T09:52:28+00:00\",\"breadcrumb\":{\"@id\":\"https:\/\/uka-kuechen.de\/index.php\/kuechen\/persoenliche-planung\/barrierefreie-kuechen\/#breadcrumb\"},\"inLanguage\":\"de\",\"potentialAction\":[{\"@type\":\"ReadAction\",\"target\":[\"https:\/\/uka-kuechen.de\/index.php\/kuechen\/persoenliche-planung\/barrierefreie-kuechen\/\"]}]},{\"@type\":\"BreadcrumbList\",\"@id\":\"https:\/\/uka-kuechen.de\/index.php\/kuechen\/persoenliche-planung\/barrierefreie-kuechen\/#breadcrumb\",\"itemListElement\":[{\"@type\":\"ListItem\",\"position\":1,\"name\":\"Startseite\",\"item\":\"https:\/\/uka-kuechen.de\/\"},{\"@type\":\"ListItem\",\"position\":2,\"name\":\"K\u00fcchen\",\"item\":\"https:\/\/uka-kuechen.de\/index.php\/kuechen\/\"},{\"@type\":\"ListItem\",\"position\":3,\"name\":\"Pers\u00f6nliche Planung\",\"item\":\"https:\/\/uka-kuechen.de\/index.php\/kuechen\/persoenliche-planung\/\"},{\"@type\":\"ListItem\",\"position\":4,\"name\":\"Barrierefreie K\u00fcchen\"}]},{\"@type\":\"WebSite\",\"@id\":\"https:\/\/uka-kuechen.de\/#website\",\"url\":\"https:\/\/uka-kuechen.de\/\",\"name\":\"UKA K\u00fcchen\",\"description\":\"...denn wir sind der Hersteller\",\"potentialAction\":[{\"@type\":\"SearchAction\",\"target\":{\"@type\":\"EntryPoint\",\"urlTemplate\":\"https:\/\/uka-kuechen.de\/?s={search_term_string}\"},\"query-input\":\"required name=search_term_string\"}],\"inLanguage\":\"de\"}]}<\/script>\n<!-- \/ Yoast SEO plugin. -->","yoast_head_json":{"title":"Barrierefreie K\u00fcchen - UKA K\u00fcchen","robots":{"index":"index","follow":"follow","max-snippet":"max-snippet:-1","max-image-preview":"max-image-preview:large","max-video-preview":"max-video-preview:-1"},"canonical":"https:\/\/uka-kuechen.de\/index.php\/kuechen\/persoenliche-planung\/barrierefreie-kuechen\/","og_locale":"de_DE","og_type":"article","og_title":"Barrierefreie K\u00fcchen - UKA K\u00fcchen","og_description":"Barrierefreie und behinderten gerechte K\u00fcchen Die barrierefreie K\u00fcche hat das Ziel alle K\u00fcchenm\u00f6bel und K\u00fcchenger\u00e4te f\u00fcr jeden Menschen unabh\u00e4ngig von seiner Bewegungsfreiheit ohne fremde Hilfe nutzbar zu machen. Alle Elemente werden ergonomisch optimiert, sodass die K\u00fcche an die jeweiligen Bed\u00fcrfnisse des Nutzers angepasst wird. Die Arbeitsfl\u00e4chen, die Sp\u00fcle und die Kochstelle sind unterfahrbar und k\u00f6nnen [&hellip;]","og_url":"https:\/\/uka-kuechen.de\/index.php\/kuechen\/persoenliche-planung\/barrierefreie-kuechen\/","og_site_name":"UKA K\u00fcchen","article_modified_time":"2022-11-22T09:52:28+00:00","twitter_card":"summary_large_image","twitter_misc":{"Gesch\u00e4tzte Lesezeit":"1\u00a0Minute"},"schema":{"@context":"https:\/\/schema.org","@graph":[{"@type":"WebPage","@id":"https:\/\/uka-kuechen.de\/index.php\/kuechen\/persoenliche-planung\/barrierefreie-kuechen\/","url":"https:\/\/uka-kuechen.de\/index.php\/kuechen\/persoenliche-planung\/barrierefreie-kuechen\/","name":"Barrierefreie K\u00fcchen - UKA K\u00fcchen","isPartOf":{"@id":"https:\/\/uka-kuechen.de\/#website"},"datePublished":"2015-10-08T14:09:16+00:00","dateModified":"2022-11-22T09:52:28+00:00","breadcrumb":{"@id":"https:\/\/uka-kuechen.de\/index.php\/kuechen\/persoenliche-planung\/barrierefreie-kuechen\/#breadcrumb"},"inLanguage":"de","potentialAction":[{"@type":"ReadAction","target":["https:\/\/uka-kuechen.de\/index.php\/kuechen\/persoenliche-planung\/barrierefreie-kuechen\/"]}]},{"@type":"BreadcrumbList","@id":"https:\/\/uka-kuechen.de\/index.php\/kuechen\/persoenliche-planung\/barrierefreie-kuechen\/#breadcrumb","itemListElement":[{"@type":"ListItem","position":1,"name":"Startseite","item":"https:\/\/uka-kuechen.de\/"},{"@type":"ListItem","position":2,"name":"K\u00fcchen","item":"https:\/\/uka-kuechen.de\/index.php\/kuechen\/"},{"@type":"ListItem","position":3,"name":"Pers\u00f6nliche Planung","item":"https:\/\/uka-kuechen.de\/index.php\/kuechen\/persoenliche-planung\/"},{"@type":"ListItem","position":4,"name":"Barrierefreie K\u00fcchen"}]},{"@type":"WebSite","@id":"https:\/\/uka-kuechen.de\/#website","url":"https:\/\/uka-kuechen.de\/","name":"UKA K\u00fcchen","description":"...denn wir sind der Hersteller","potentialAction":[{"@type":"SearchAction","target":{"@type":"EntryPoint","urlTemplate":"https:\/\/uka-kuechen.de\/?s={search_term_string}"},"query-input":"required name=search_term_string"}],"inLanguage":"de"}]}},"_links":{"self":[{"href":"https:\/\/uka-kuechen.de\/index.php\/wp-json\/wp\/v2\/pages\/14"}],"collection":[{"href":"https:\/\/uka-kuechen.de\/index.php\/wp-json\/wp\/v2\/pages"}],"about":[{"href":"https:\/\/uka-kuechen.de\/index.php\/wp-json\/wp\/v2\/types\/page"}],"author":[{"embeddable":true,"href":"https:\/\/uka-kuechen.de\/index.php\/wp-json\/wp\/v2\/users\/1"}],"replies":[{"embeddable":true,"href":"https:\/\/uka-kuechen.de\/index.php\/wp-json\/wp\/v2\/comments?post=14"}],"version-history":[{"count":9,"href":"https:\/\/uka-kuechen.de\/index.php\/wp-json\/wp\/v2\/pages\/14\/revisions"}],"predecessor-version":[{"id":2085,"href":"https:\/\/uka-kuechen.de\/index.php\/wp-json\/wp\/v2\/pages\/14\/revisions\/2085"}],"up":[{"embeddable":true,"href":"https:\/\/uka-kuechen.de\/index.php\/wp-json\/wp\/v2\/pages\/1546"}],"wp:attachment":[{"href":"https:\/\/uka-kuechen.de\/index.php\/wp-json\/wp\/v2\/media?parent=14"}],"curies":[{"name":"wp","href":"https:\/\/api.w.org\/{rel}","templated":true}]}}